{"id":147524,"date":"2024-11-13T10:38:59","date_gmt":"2024-11-13T10:38:59","guid":{"rendered":"https:\/\/web.greenpatio.es\/?page_id=147524"},"modified":"2025-04-09T11:35:17","modified_gmt":"2025-04-09T11:35:17","slug":"servicios","status":"publish","type":"page","link":"https:\/\/greenpatio.es\/de\/servicios\/","title":{"rendered":"Dienstleistungen"},"content":{"rendered":"<div data-elementor-type=\"wp-page\" data-elementor-id=\"147524\" class=\"elementor elementor-147524\" data-elementor-post-type=\"page\">\n\t\t\t\t<div class=\"elementor-element elementor-element-3eb93f5 e-con-full e-flex parallax_section_no qode_elementor_container_no e-con e-parent\" data-id=\"3eb93f5\" data-element_type=\"container\">\n\t\t\t\t<\/div>\n\t\t<div class=\"elementor-element elementor-element-d932d91 e-con-full e-flex parallax_section_no qode_elementor_container_no e-con e-parent\" data-id=\"d932d91\" data-element_type=\"container\">\n\t\t<div class=\"elementor-element elementor-element-756196f e-con-full e-flex parallax_section_no qode_elementor_container_no e-con e-child\" data-id=\"756196f\" data-element_type=\"container\">\n\t\t\t\t<div class=\"elementor-element elementor-element-aa95980 elementor-widget elementor-widget-bridge_team\" data-id=\"aa95980\" data-element_type=\"widget\" data-widget_type=\"bridge_team.default\">\n\t\t\t\t<div class=\"elementor-widget-container\">\n\t\t\t\t\t<div class='q_team info_description_below_image' style='background-color:#FFFFFF;'><div class='q_team_inner'><div class='q_team_image'><div class='q_team_image_holder'><img itemprop='image' src='https:\/\/greenpatio.es\/wp-content\/uploads\/2024\/11\/h1-team-3-1.png' alt='h1-team-3 (1)' \/><\/div><div class='q_team_text' ><div class='q_team_text_inner'><div class='q_team_title_holder'><h5 class='q_team_name' style = 'color: #000000;'><b>UNTERNEHMENSVERANSTALTUNGEN<\/b><\/h5><\/div><div class='separator small center' style = 'background-color: #000000;'><\/div><div class='q_team_description_below_image_wrapper'><div class='q_team_description'><div class='q_team_description_inner'><p><style=\"color:white !important;\">Feiern Sie hier alle Arten von Firmenveranstaltungen, die Ihr Unternehmen ben\u00f6tigt: von Tagungen, Kongressen, Schulungen oder entspannteren Aktivit\u00e4ten bis hin zu Galadiners, Jubil\u00e4en, Produktpr\u00e4sentationen...\n<br><b>\nWir freuen uns auf Ihre Veranstaltung, was auch immer es ist!<\/b><\/style><\/p><\/div><\/div><\/div><\/div><\/div><div class='q_team_social_holder'><\/div><\/div><\/div><\/div>\t\t\t\t<\/div>\n\t\t\t\t<\/div>\n\t\t\t\t<\/div>\n\t\t<div class=\"elementor-element elementor-element-61fe7d7 e-flex e-con-boxed parallax_section_no qode_elementor_container_no e-con e-child\" data-id=\"61fe7d7\" data-element_type=\"container\">\n\t\t\t\t\t<div class=\"e-con-inner\">\n\t\t\t\t<div class=\"elementor-element elementor-element-330aa5f elementor-widget elementor-widget-bridge_team\" data-id=\"330aa5f\" data-element_type=\"widget\" data-widget_type=\"bridge_team.default\">\n\t\t\t\t<div class=\"elementor-widget-container\">\n\t\t\t\t\t<div class='q_team info_description_below_image' style='background-color:#FFFFFF;'><div class='q_team_inner'><div class='q_team_image'><div class='q_team_image_holder'><img itemprop='image' src='https:\/\/greenpatio.es\/wp-content\/uploads\/2024\/11\/h1-team-3-2.png' alt='h1-team-3 (2)' \/><\/div><div class='q_team_text' ><div class='q_team_text_inner'><div class='q_team_title_holder'><h5 class='q_team_name' style = 'color: #000000;'><b>UNTERNEHMENS-SHOOTINGS<\/b><\/h5><\/div><div class='separator small center' style = 'background-color: #000000;'><\/div><div class='q_team_description_below_image_wrapper'><div class='q_team_description'><div class='q_team_description_inner'><p><b>TV-Werbung?<\/b><b>Fotosession?<\/b>\nEgal, was Sie fotografieren wollen, wir k\u00fcmmern uns um jedes Detail, damit alles perfekt wird.<\/p><\/div><\/div><\/div><\/div><\/div><div class='q_team_social_holder'><\/div><\/div><\/div><\/div>\t\t\t\t<\/div>\n\t\t\t\t<\/div>\n\t\t\t\t\t<\/div>\n\t\t\t\t<\/div>\n\t\t<div class=\"elementor-element elementor-element-02a362a e-flex e-con-boxed parallax_section_no qode_elementor_container_no e-con e-child\" data-id=\"02a362a\" data-element_type=\"container\">\n\t\t\t\t\t<div class=\"e-con-inner\">\n\t\t\t\t<div class=\"elementor-element elementor-element-67eb24a elementor-widget elementor-widget-bridge_team\" data-id=\"67eb24a\" data-element_type=\"widget\" data-widget_type=\"bridge_team.default\">\n\t\t\t\t<div class=\"elementor-widget-container\">\n\t\t\t\t\t<div class='q_team info_description_below_image'><div class='q_team_inner'><div class='q_team_image'><div class='q_team_image_holder'><img itemprop='image' src='https:\/\/greenpatio.es\/wp-content\/uploads\/2024\/11\/h1-team-3.png' alt='h1-team-3' \/><\/div><div class='q_team_text' ><div class='q_team_text_inner'><div class='q_team_title_holder'><h5 class='q_team_name' style = 'color: #000000;'><b>AKTIVIT\u00c4TEN UND WORKSHOPS<\/b><\/h5><\/div><div class='separator small center' style = 'background-color: #000000;'><\/div><div class='q_team_description_below_image_wrapper'><div class='q_team_description'><div class='q_team_description_inner'><p class=\"translation-block\">Organisieren Sie mit uns das Team-Building, das Sie schon immer im Sinn hatten, oder einen interessanten Workshop, f\u00fcr den Sie sich noch nicht f\u00fcr die Gestaltung oder Verteilung entschieden haben.\r\n\r\n<b>Green Patio passt sich an Sie an und verschmilzt mit Ihrer Veranstaltung, um die perfekte Kombination <u>Produkt - Raum<\/u><\/b> zu schaffen.<\/p><\/div><\/div><\/div><\/div><\/div><div class='q_team_social_holder'><\/div><\/div><\/div><\/div>\t\t\t\t<\/div>\n\t\t\t\t<\/div>\n\t\t\t\t\t<\/div>\n\t\t\t\t<\/div>\n\t\t<div class=\"elementor-element elementor-element-730b542 e-flex e-con-boxed parallax_section_no qode_elementor_container_no e-con e-child\" data-id=\"730b542\" data-element_type=\"container\">\n\t\t\t\t\t<div class=\"e-con-inner\">\n\t\t\t\t<div class=\"elementor-element elementor-element-653570e elementor-widget elementor-widget-bridge_team\" data-id=\"653570e\" data-element_type=\"widget\" data-widget_type=\"bridge_team.default\">\n\t\t\t\t<div class=\"elementor-widget-container\">\n\t\t\t\t\t<div class='q_team info_description_below_image'><div class='q_team_inner'><div class='q_team_image'><div class='q_team_image_holder'><img itemprop='image' src='https:\/\/greenpatio.es\/wp-content\/uploads\/2024\/11\/exposiciones.png' alt='exposiciones' \/><\/div><div class='q_team_text' ><div class='q_team_text_inner'><div class='q_team_title_holder'><h5 class='q_team_name' style = 'color: #000000;'><b>AUSSTELLUNGEN<\/b><\/h5><\/div><div class='separator small center' style = 'background-color: #000000;'><\/div><div class='q_team_description_below_image_wrapper'><div class='q_team_description'><div class='q_team_description_inner'><p class=\"translation-block\">Wenn Sie Ihr neues Produkt auf den Markt bringen wollen, wenn Sie die Ausstellung vorbereiten, in die Sie so viel Liebe gesteckt haben, oder wenn Sie einfach Ihre neuen Produkte der \u00d6ffentlichkeit vorstellen wollen... dann sind Sie hier richtig.\r\n<br>\r\n<b><u>Live und nachhaltig 100%.<\/p><\/div><\/div><\/div><\/div><\/div><div class='q_team_social_holder'><\/div><\/div><\/div><\/div>\t\t\t\t<\/div>\n\t\t\t\t<\/div>\n\t\t\t\t\t<\/div>\n\t\t\t\t<\/div>\n\t\t\t\t<\/div>\n\t\t\t\t<\/div>","protected":false},"excerpt":{"rendered":"<p>EVENTOS CORPORATIVOS RODAJES Y PUBLICIDAD&#8230;<\/p>","protected":false},"author":1,"featured_media":0,"parent":0,"menu_order":0,"comment_status":"closed","ping_status":"closed","template":"full_width.php","meta":{"_monsterinsights_skip_tracking":false,"_monsterinsights_sitenote_active":false,"_monsterinsights_sitenote_note":"","_monsterinsights_sitenote_category":0,"footnotes":""},"class_list":["post-147524","page","type-page","status-publish","hentry"],"yoast_head":"<!-- This site is optimized with the Yoast SEO plugin v24.0 - https:\/\/yoast.com\/wordpress\/plugins\/seo\/ -->\n<title>Servicios de Alquiler de Espacios para Eventos - Green Patio<\/title>\n<meta name=\"description\" content=\"Nuestro equipo de profesionales est\u00e1 disponible para ayudarte en la planificaci\u00f3n y gesti\u00f3n de cada detalle de tu evento.\" \/>\n<meta name=\"robots\" content=\"index, follow, max-snippet:-1, max-image-preview:large, max-video-preview:-1\" \/>\n<link rel=\"canonical\" href=\"https:\/\/greenpatio.es\/de\/servicios\/\" \/>\n<meta property=\"og:locale\" content=\"de_DE\" \/>\n<meta property=\"og:type\" content=\"article\" \/>\n<meta property=\"og:title\" content=\"Servicios de Alquiler de Espacios para Eventos - Green Patio\" \/>\n<meta property=\"og:description\" content=\"Nuestro equipo de profesionales est\u00e1 disponible para ayudarte en la planificaci\u00f3n y gesti\u00f3n de cada detalle de tu evento.\" \/>\n<meta property=\"og:url\" content=\"https:\/\/greenpatio.es\/de\/servicios\/\" \/>\n<meta property=\"og:site_name\" content=\"Green Patio\" \/>\n<meta property=\"article:modified_time\" content=\"2025-04-09T11:35:17+00:00\" \/>\n<meta property=\"og:image\" content=\"https:\/\/greenpatio.es\/wp-content\/uploads\/2024\/11\/h1-team-3-1.png\" \/>\n<meta name=\"twitter:card\" content=\"summary_large_image\" \/>\n<meta name=\"twitter:label1\" content=\"Gesch\u00e4tzte Lesezeit\" \/>\n\t<meta name=\"twitter:data1\" content=\"5\u00a0Minuten\" \/>\n<script type=\"application\/ld+json\" class=\"yoast-schema-graph\">{\"@context\":\"https:\/\/schema.org\",\"@graph\":[{\"@type\":\"NewsArticle\",\"@id\":\"https:\/\/greenpatio.es\/servicios\/#article\",\"isPartOf\":{\"@id\":\"https:\/\/greenpatio.es\/servicios\/\"},\"author\":{\"name\":\"admin\",\"@id\":\"https:\/\/greenpatio.es\/#\/schema\/person\/85538d898e3b9d8195d05f58aa605b8d\"},\"headline\":\"Servicios\",\"datePublished\":\"2024-11-13T10:38:59+00:00\",\"dateModified\":\"2025-04-09T11:35:17+00:00\",\"mainEntityOfPage\":{\"@id\":\"https:\/\/greenpatio.es\/servicios\/\"},\"wordCount\":380,\"publisher\":{\"@id\":\"https:\/\/greenpatio.es\/#organization\"},\"image\":{\"@id\":\"https:\/\/greenpatio.es\/servicios\/#primaryimage\"},\"thumbnailUrl\":\"https:\/\/greenpatio.es\/wp-content\/uploads\/2024\/11\/h1-team-3-1.png\",\"inLanguage\":\"de\"},{\"@type\":\"WebPage\",\"@id\":\"https:\/\/greenpatio.es\/servicios\/\",\"url\":\"https:\/\/greenpatio.es\/servicios\/\",\"name\":\"Servicios de Alquiler de Espacios para Eventos - Green Patio\",\"isPartOf\":{\"@id\":\"https:\/\/greenpatio.es\/#website\"},\"primaryImageOfPage\":{\"@id\":\"https:\/\/greenpatio.es\/servicios\/#primaryimage\"},\"image\":{\"@id\":\"https:\/\/greenpatio.es\/servicios\/#primaryimage\"},\"thumbnailUrl\":\"https:\/\/greenpatio.es\/wp-content\/uploads\/2024\/11\/h1-team-3-1.png\",\"datePublished\":\"2024-11-13T10:38:59+00:00\",\"dateModified\":\"2025-04-09T11:35:17+00:00\",\"description\":\"Nuestro equipo de profesionales est\u00e1 disponible para ayudarte en la planificaci\u00f3n y gesti\u00f3n de cada detalle de tu evento.\",\"breadcrumb\":{\"@id\":\"https:\/\/greenpatio.es\/servicios\/#breadcrumb\"},\"inLanguage\":\"de\",\"potentialAction\":[{\"@type\":\"ReadAction\",\"target\":[\"https:\/\/greenpatio.es\/servicios\/\"]}]},{\"@type\":\"ImageObject\",\"inLanguage\":\"de\",\"@id\":\"https:\/\/greenpatio.es\/servicios\/#primaryimage\",\"url\":\"https:\/\/greenpatio.es\/wp-content\/uploads\/2024\/11\/h1-team-3-1.png\",\"contentUrl\":\"https:\/\/greenpatio.es\/wp-content\/uploads\/2024\/11\/h1-team-3-1.png\"},{\"@type\":\"BreadcrumbList\",\"@id\":\"https:\/\/greenpatio.es\/servicios\/#breadcrumb\",\"itemListElement\":[{\"@type\":\"ListItem\",\"position\":1,\"name\":\"Inicio\",\"item\":\"https:\/\/greenpatio.es\/\"},{\"@type\":\"ListItem\",\"position\":2,\"name\":\"Servicios\"}]},{\"@type\":\"WebSite\",\"@id\":\"https:\/\/greenpatio.es\/#website\",\"url\":\"https:\/\/greenpatio.es\/\",\"name\":\"Green Patio\",\"description\":\"Espacios para eventos en Madrid\",\"publisher\":{\"@id\":\"https:\/\/greenpatio.es\/#organization\"},\"alternateName\":\"Green Patio - Espacios para eventos en Madrid\",\"potentialAction\":[{\"@type\":\"SearchAction\",\"target\":{\"@type\":\"EntryPoint\",\"urlTemplate\":\"https:\/\/greenpatio.es\/?s={search_term_string}\"},\"query-input\":{\"@type\":\"PropertyValueSpecification\",\"valueRequired\":true,\"valueName\":\"search_term_string\"}}],\"inLanguage\":\"de\"},{\"@type\":\"Organization\",\"@id\":\"https:\/\/greenpatio.es\/#organization\",\"name\":\"Green Patio\",\"alternateName\":\"Green Patio Espacio para eventos en Madrid\",\"url\":\"https:\/\/greenpatio.es\/\",\"logo\":{\"@type\":\"ImageObject\",\"inLanguage\":\"de\",\"@id\":\"https:\/\/greenpatio.es\/#\/schema\/logo\/image\/\",\"url\":\"https:\/\/greenpatio.es\/wp-content\/uploads\/2024\/12\/logo-reducido-green-patio.png\",\"contentUrl\":\"https:\/\/greenpatio.es\/wp-content\/uploads\/2024\/12\/logo-reducido-green-patio.png\",\"width\":1465,\"height\":1465,\"caption\":\"Green Patio\"},\"image\":{\"@id\":\"https:\/\/greenpatio.es\/#\/schema\/logo\/image\/\"},\"sameAs\":[\"https:\/\/www.instagram.com\/greenpatioevents\/\"]},{\"@type\":\"Person\",\"@id\":\"https:\/\/greenpatio.es\/#\/schema\/person\/85538d898e3b9d8195d05f58aa605b8d\",\"name\":\"admin\",\"image\":{\"@type\":\"ImageObject\",\"inLanguage\":\"de\",\"@id\":\"https:\/\/greenpatio.es\/#\/schema\/person\/image\/\",\"url\":\"https:\/\/secure.gravatar.com\/avatar\/dc343822ff32eded78127b9bc70d7a8bc38956142c75c7731c634a64f56fcafe?s=96&d=mm&r=g\",\"contentUrl\":\"https:\/\/secure.gravatar.com\/avatar\/dc343822ff32eded78127b9bc70d7a8bc38956142c75c7731c634a64f56fcafe?s=96&d=mm&r=g\",\"caption\":\"admin\"},\"sameAs\":[\"https:\/\/greenpatio.es\"]}]}<\/script>\n<!-- \/ Yoast SEO plugin. -->","yoast_head_json":{"title":"Servicios de Alquiler de Espacios para Eventos - Green Patio","description":"Nuestro equipo de profesionales est\u00e1 disponible para ayudarte en la planificaci\u00f3n y gesti\u00f3n de cada detalle de tu evento.","robots":{"index":"index","follow":"follow","max-snippet":"max-snippet:-1","max-image-preview":"max-image-preview:large","max-video-preview":"max-video-preview:-1"},"canonical":"https:\/\/greenpatio.es\/de\/servicios\/","og_locale":"de_DE","og_type":"article","og_title":"Servicios de Alquiler de Espacios para Eventos - Green Patio","og_description":"Nuestro equipo de profesionales est\u00e1 disponible para ayudarte en la planificaci\u00f3n y gesti\u00f3n de cada detalle de tu evento.","og_url":"https:\/\/greenpatio.es\/de\/servicios\/","og_site_name":"Green Patio","article_modified_time":"2025-04-09T11:35:17+00:00","og_image":[{"url":"https:\/\/greenpatio.es\/wp-content\/uploads\/2024\/11\/h1-team-3-1.png","type":"","width":"","height":""}],"twitter_card":"summary_large_image","twitter_misc":{"Gesch\u00e4tzte Lesezeit":"5\u00a0Minuten"},"schema":{"@context":"https:\/\/schema.org","@graph":[{"@type":"NewsArticle","@id":"https:\/\/greenpatio.es\/servicios\/#article","isPartOf":{"@id":"https:\/\/greenpatio.es\/servicios\/"},"author":{"name":"admin","@id":"https:\/\/greenpatio.es\/#\/schema\/person\/85538d898e3b9d8195d05f58aa605b8d"},"headline":"Servicios","datePublished":"2024-11-13T10:38:59+00:00","dateModified":"2025-04-09T11:35:17+00:00","mainEntityOfPage":{"@id":"https:\/\/greenpatio.es\/servicios\/"},"wordCount":380,"publisher":{"@id":"https:\/\/greenpatio.es\/#organization"},"image":{"@id":"https:\/\/greenpatio.es\/servicios\/#primaryimage"},"thumbnailUrl":"https:\/\/greenpatio.es\/wp-content\/uploads\/2024\/11\/h1-team-3-1.png","inLanguage":"de"},{"@type":"WebPage","@id":"https:\/\/greenpatio.es\/servicios\/","url":"https:\/\/greenpatio.es\/servicios\/","name":"Servicios de Alquiler de Espacios para Eventos - Green Patio","isPartOf":{"@id":"https:\/\/greenpatio.es\/#website"},"primaryImageOfPage":{"@id":"https:\/\/greenpatio.es\/servicios\/#primaryimage"},"image":{"@id":"https:\/\/greenpatio.es\/servicios\/#primaryimage"},"thumbnailUrl":"https:\/\/greenpatio.es\/wp-content\/uploads\/2024\/11\/h1-team-3-1.png","datePublished":"2024-11-13T10:38:59+00:00","dateModified":"2025-04-09T11:35:17+00:00","description":"Nuestro equipo de profesionales est\u00e1 disponible para ayudarte en la planificaci\u00f3n y gesti\u00f3n de cada detalle de tu evento.","breadcrumb":{"@id":"https:\/\/greenpatio.es\/servicios\/#breadcrumb"},"inLanguage":"de","potentialAction":[{"@type":"ReadAction","target":["https:\/\/greenpatio.es\/servicios\/"]}]},{"@type":"ImageObject","inLanguage":"de","@id":"https:\/\/greenpatio.es\/servicios\/#primaryimage","url":"https:\/\/greenpatio.es\/wp-content\/uploads\/2024\/11\/h1-team-3-1.png","contentUrl":"https:\/\/greenpatio.es\/wp-content\/uploads\/2024\/11\/h1-team-3-1.png"},{"@type":"BreadcrumbList","@id":"https:\/\/greenpatio.es\/servicios\/#breadcrumb","itemListElement":[{"@type":"ListItem","position":1,"name":"Inicio","item":"https:\/\/greenpatio.es\/"},{"@type":"ListItem","position":2,"name":"Servicios"}]},{"@type":"WebSite","@id":"https:\/\/greenpatio.es\/#website","url":"https:\/\/greenpatio.es\/","name":"Green Patio","description":"Espacios para eventos en Madrid","publisher":{"@id":"https:\/\/greenpatio.es\/#organization"},"alternateName":"Green Patio - Espacios para eventos en Madrid","potentialAction":[{"@type":"SearchAction","target":{"@type":"EntryPoint","urlTemplate":"https:\/\/greenpatio.es\/?s={search_term_string}"},"query-input":{"@type":"PropertyValueSpecification","valueRequired":true,"valueName":"search_term_string"}}],"inLanguage":"de"},{"@type":"Organization","@id":"https:\/\/greenpatio.es\/#organization","name":"Green Patio","alternateName":"Green Patio Espacio para eventos en Madrid","url":"https:\/\/greenpatio.es\/","logo":{"@type":"ImageObject","inLanguage":"de","@id":"https:\/\/greenpatio.es\/#\/schema\/logo\/image\/","url":"https:\/\/greenpatio.es\/wp-content\/uploads\/2024\/12\/logo-reducido-green-patio.png","contentUrl":"https:\/\/greenpatio.es\/wp-content\/uploads\/2024\/12\/logo-reducido-green-patio.png","width":1465,"height":1465,"caption":"Green Patio"},"image":{"@id":"https:\/\/greenpatio.es\/#\/schema\/logo\/image\/"},"sameAs":["https:\/\/www.instagram.com\/greenpatioevents\/"]},{"@type":"Person","@id":"https:\/\/greenpatio.es\/#\/schema\/person\/85538d898e3b9d8195d05f58aa605b8d","name":"admin","image":{"@type":"ImageObject","inLanguage":"de","@id":"https:\/\/greenpatio.es\/#\/schema\/person\/image\/","url":"https:\/\/secure.gravatar.com\/avatar\/dc343822ff32eded78127b9bc70d7a8bc38956142c75c7731c634a64f56fcafe?s=96&d=mm&r=g","contentUrl":"https:\/\/secure.gravatar.com\/avatar\/dc343822ff32eded78127b9bc70d7a8bc38956142c75c7731c634a64f56fcafe?s=96&d=mm&r=g","caption":"admin"},"sameAs":["https:\/\/greenpatio.es"]}]}},"_links":{"self":[{"href":"https:\/\/greenpatio.es\/de\/wp-json\/wp\/v2\/pages\/147524","targetHints":{"allow":["GET"]}}],"collection":[{"href":"https:\/\/greenpatio.es\/de\/wp-json\/wp\/v2\/pages"}],"about":[{"href":"https:\/\/greenpatio.es\/de\/wp-json\/wp\/v2\/types\/page"}],"author":[{"embeddable":true,"href":"https:\/\/greenpatio.es\/de\/wp-json\/wp\/v2\/users\/1"}],"replies":[{"embeddable":true,"href":"https:\/\/greenpatio.es\/de\/wp-json\/wp\/v2\/comments?post=147524"}],"version-history":[{"count":187,"href":"https:\/\/greenpatio.es\/de\/wp-json\/wp\/v2\/pages\/147524\/revisions"}],"predecessor-version":[{"id":150854,"href":"https:\/\/greenpatio.es\/de\/wp-json\/wp\/v2\/pages\/147524\/revisions\/150854"}],"wp:attachment":[{"href":"https:\/\/greenpatio.es\/de\/wp-json\/wp\/v2\/media?parent=147524"}],"curies":[{"name":"wp","href":"https:\/\/api.w.org\/{rel}","templated":true}]}}