{"id":147524,"date":"2024-11-13T10:38:59","date_gmt":"2024-11-13T10:38:59","guid":{"rendered":"https:\/\/web.greenpatio.es\/?page_id=147524"},"modified":"2025-04-09T11:35:17","modified_gmt":"2025-04-09T11:35:17","slug":"servicios","status":"publish","type":"page","link":"https:\/\/greenpatio.es\/fr\/servicios\/","title":{"rendered":"Services"},"content":{"rendered":"<div data-elementor-type=\"wp-page\" data-elementor-id=\"147524\" class=\"elementor elementor-147524\" data-elementor-post-type=\"page\">\n\t\t\t\t<div class=\"elementor-element elementor-element-3eb93f5 e-con-full e-flex parallax_section_no qode_elementor_container_no e-con e-parent\" data-id=\"3eb93f5\" data-element_type=\"container\">\n\t\t\t\t<\/div>\n\t\t<div class=\"elementor-element elementor-element-03b2163 e-con-full e-flex parallax_section_no qode_elementor_container_no e-con e-parent\" data-id=\"03b2163\" data-element_type=\"container\">\n\t\t<div class=\"elementor-element elementor-element-f942bfe e-con-full e-flex parallax_section_no qode_elementor_container_no e-con e-child\" data-id=\"f942bfe\" data-element_type=\"container\">\n\t\t\t\t<div class=\"elementor-element elementor-element-6ae28d2 elementor-widget elementor-widget-bridge_team\" data-id=\"6ae28d2\" data-element_type=\"widget\" data-widget_type=\"bridge_team.default\">\n\t\t\t\t<div class=\"elementor-widget-container\">\n\t\t\t\t\t<div class='q_team info_description_below_image' style='background-color:#FFFFFF;'><div class='q_team_inner'><div class='q_team_image'><div class='q_team_image_holder'><img itemprop='image' src='https:\/\/greenpatio.es\/wp-content\/uploads\/2024\/11\/h1-team-3-1.png' alt='h1-team-3 (1)' \/><\/div><div class='q_team_text' ><div class='q_team_text_inner'><div class='q_team_title_holder'><h5 class='q_team_name' style = 'color: #000000;'><b>\u00c9V\u00c9NEMENTS D'ENTREPRISE<\/b><\/h5><\/div><div class='separator small center' style = 'background-color: #000000;'><\/div><div class='q_team_description_below_image_wrapper'><div class='q_team_description'><div class='q_team_description_inner'><p><style=\"color:white !important;\">C\u00e9l\u00e9brez ici tous les types de r\u00e9unions d'entreprise dont votre soci\u00e9t\u00e9 peut avoir besoin : conventions, congr\u00e8s, formations ou activit\u00e9s plus d\u00e9tendues, d\u00eeners de gala, anniversaires, pr\u00e9sentations de produits...\n<br><b>\nNous accueillons votre \u00e9v\u00e9nement quel qu'il soit !<\/b><\/style><\/p><\/div><\/div><\/div><\/div><\/div><div class='q_team_social_holder'><\/div><\/div><\/div><\/div>\t\t\t\t<\/div>\n\t\t\t\t<\/div>\n\t\t\t\t<\/div>\n\t\t<div class=\"elementor-element elementor-element-81841c2 e-flex e-con-boxed parallax_section_no qode_elementor_container_no e-con e-child\" data-id=\"81841c2\" data-element_type=\"container\">\n\t\t\t\t\t<div class=\"e-con-inner\">\n\t\t\t\t<div class=\"elementor-element elementor-element-ad431f2 elementor-widget elementor-widget-bridge_team\" data-id=\"ad431f2\" data-element_type=\"widget\" data-widget_type=\"bridge_team.default\">\n\t\t\t\t<div class=\"elementor-widget-container\">\n\t\t\t\t\t<div class='q_team info_description_below_image' style='background-color:#FFFFFF;'><div class='q_team_inner'><div class='q_team_image'><div class='q_team_image_holder'><img itemprop='image' src='https:\/\/greenpatio.es\/wp-content\/uploads\/2024\/11\/h1-team-3-2.png' alt='h1-team-3 (2)' \/><\/div><div class='q_team_text' ><div class='q_team_text_inner'><div class='q_team_title_holder'><h5 class='q_team_name' style = 'color: #000000;'><b>PRISES DE VUE D'ENTREPRISE<\/b><\/h5><\/div><div class='separator small center' style = 'background-color: #000000;'><\/div><div class='q_team_description_below_image_wrapper'><div class='q_team_description'><div class='q_team_description_inner'><p><b>Publicit\u00e9 t\u00e9l\u00e9vis\u00e9e ?<\/b><b>S\u00e9ance photo ?<\/b>\nPeu importe ce que vous voulez photographier, faites-le avec nous et nous nous occuperons de chaque d\u00e9tail au minimum pour que tout soit parfait.<\/p><\/div><\/div><\/div><\/div><\/div><div class='q_team_social_holder'><\/div><\/div><\/div><\/div>\t\t\t\t<\/div>\n\t\t\t\t<\/div>\n\t\t\t\t\t<\/div>\n\t\t\t\t<\/div>\n\t\t<div class=\"elementor-element elementor-element-f092916 e-flex e-con-boxed parallax_section_no qode_elementor_container_no e-con e-child\" data-id=\"f092916\" data-element_type=\"container\">\n\t\t\t\t\t<div class=\"e-con-inner\">\n\t\t\t\t<div class=\"elementor-element elementor-element-f82ccf9 elementor-widget elementor-widget-bridge_team\" data-id=\"f82ccf9\" data-element_type=\"widget\" data-widget_type=\"bridge_team.default\">\n\t\t\t\t<div class=\"elementor-widget-container\">\n\t\t\t\t\t<div class='q_team info_description_below_image'><div class='q_team_inner'><div class='q_team_image'><div class='q_team_image_holder'><img itemprop='image' src='https:\/\/greenpatio.es\/wp-content\/uploads\/2024\/11\/h1-team-3.png' alt='h1-team-3' \/><\/div><div class='q_team_text' ><div class='q_team_text_inner'><div class='q_team_title_holder'><h5 class='q_team_name' style = 'color: #000000;'><b>ACTIVIT\u00c9S ET ATELIERS<\/b><\/h5><\/div><div class='separator small center' style = 'background-color: #000000;'><\/div><div class='q_team_description_below_image_wrapper'><div class='q_team_description'><div class='q_team_description_inner'><p class=\"translation-block\">Organisez avec nous ce Team Building que vous avez toujours eu \u00e0 l'esprit, ou un atelier int\u00e9ressant pour lequel vous n'avez pas encore d\u00e9cid\u00e9 de l'organisation ou de la distribution.\r\n\r\n<b>Green Patio s'adapte \u00e0 vous et fusionne avec votre \u00e9v\u00e9nement pour cr\u00e9er la combinaison parfaite <u>produit - espace<\/u><\/b>.<\/p><\/div><\/div><\/div><\/div><\/div><div class='q_team_social_holder'><\/div><\/div><\/div><\/div>\t\t\t\t<\/div>\n\t\t\t\t<\/div>\n\t\t\t\t\t<\/div>\n\t\t\t\t<\/div>\n\t\t<div class=\"elementor-element elementor-element-6ecf0cc e-flex e-con-boxed parallax_section_no qode_elementor_container_no e-con e-child\" data-id=\"6ecf0cc\" data-element_type=\"container\">\n\t\t\t\t\t<div class=\"e-con-inner\">\n\t\t\t\t<div class=\"elementor-element elementor-element-fbd2c8d elementor-widget elementor-widget-bridge_team\" data-id=\"fbd2c8d\" data-element_type=\"widget\" data-widget_type=\"bridge_team.default\">\n\t\t\t\t<div class=\"elementor-widget-container\">\n\t\t\t\t\t<div class='q_team info_description_below_image'><div class='q_team_inner'><div class='q_team_image'><div class='q_team_image_holder'><img itemprop='image' src='https:\/\/greenpatio.es\/wp-content\/uploads\/2024\/11\/exposiciones.png' alt='exposiciones' \/><\/div><div class='q_team_text' ><div class='q_team_text_inner'><div class='q_team_title_holder'><h5 class='q_team_name' style = 'color: #000000;'><b>EXPOSITIONS<\/b><\/h5><\/div><div class='separator small center' style = 'background-color: #000000;'><\/div><div class='q_team_description_below_image_wrapper'><div class='q_team_description'><div class='q_team_description_inner'><p class=\"translation-block\">Si vous souhaitez lancer votre nouveau produit sur le march\u00e9, si vous pr\u00e9parez l'exposition \u00e0 laquelle vous avez consacr\u00e9 tant d'efforts, ou si vous souhaitez simplement annoncer vos nouveaux produits au public... c'est l'endroit qu'il vous faut.\r\n<br>\r\n<b><u>Vive et durable 100%.<\/p><\/div><\/div><\/div><\/div><\/div><div class='q_team_social_holder'><\/div><\/div><\/div><\/div>\t\t\t\t<\/div>\n\t\t\t\t<\/div>\n\t\t\t\t\t<\/div>\n\t\t\t\t<\/div>\n\t\t\t\t<\/div>\n\t\t\t\t<\/div>","protected":false},"excerpt":{"rendered":"<p>EVENTOS CORPORATIVOS RODAJES Y PUBLICIDAD&#8230;<\/p>","protected":false},"author":1,"featured_media":0,"parent":0,"menu_order":0,"comment_status":"closed","ping_status":"closed","template":"full_width.php","meta":{"_monsterinsights_skip_tracking":false,"_monsterinsights_sitenote_active":false,"_monsterinsights_sitenote_note":"","_monsterinsights_sitenote_category":0,"footnotes":""},"class_list":["post-147524","page","type-page","status-publish","hentry"],"yoast_head":"<!-- This site is optimized with the Yoast SEO plugin v24.0 - https:\/\/yoast.com\/wordpress\/plugins\/seo\/ -->\n<title>Servicios de Alquiler de Espacios para Eventos - Green Patio<\/title>\n<meta name=\"description\" content=\"Nuestro equipo de profesionales est\u00e1 disponible para ayudarte en la planificaci\u00f3n y gesti\u00f3n de cada detalle de tu evento.\" \/>\n<meta name=\"robots\" content=\"index, follow, max-snippet:-1, max-image-preview:large, max-video-preview:-1\" \/>\n<link rel=\"canonical\" href=\"https:\/\/greenpatio.es\/fr\/servicios\/\" \/>\n<meta property=\"og:locale\" content=\"fr_FR\" \/>\n<meta property=\"og:type\" content=\"article\" \/>\n<meta property=\"og:title\" content=\"Servicios de Alquiler de Espacios para Eventos - Green Patio\" \/>\n<meta property=\"og:description\" content=\"Nuestro equipo de profesionales est\u00e1 disponible para ayudarte en la planificaci\u00f3n y gesti\u00f3n de cada detalle de tu evento.\" \/>\n<meta property=\"og:url\" content=\"https:\/\/greenpatio.es\/fr\/servicios\/\" \/>\n<meta property=\"og:site_name\" content=\"Green Patio\" \/>\n<meta property=\"article:modified_time\" content=\"2025-04-09T11:35:17+00:00\" \/>\n<meta property=\"og:image\" content=\"https:\/\/greenpatio.es\/wp-content\/uploads\/2024\/11\/h1-team-3-1.png\" \/>\n<meta name=\"twitter:card\" content=\"summary_large_image\" \/>\n<meta name=\"twitter:label1\" content=\"Dur\u00e9e de lecture estim\u00e9e\" \/>\n\t<meta name=\"twitter:data1\" content=\"5 minutes\" \/>\n<script type=\"application\/ld+json\" class=\"yoast-schema-graph\">{\"@context\":\"https:\/\/schema.org\",\"@graph\":[{\"@type\":\"NewsArticle\",\"@id\":\"https:\/\/greenpatio.es\/servicios\/#article\",\"isPartOf\":{\"@id\":\"https:\/\/greenpatio.es\/servicios\/\"},\"author\":{\"name\":\"admin\",\"@id\":\"https:\/\/greenpatio.es\/#\/schema\/person\/85538d898e3b9d8195d05f58aa605b8d\"},\"headline\":\"Servicios\",\"datePublished\":\"2024-11-13T10:38:59+00:00\",\"dateModified\":\"2025-04-09T11:35:17+00:00\",\"mainEntityOfPage\":{\"@id\":\"https:\/\/greenpatio.es\/servicios\/\"},\"wordCount\":380,\"publisher\":{\"@id\":\"https:\/\/greenpatio.es\/#organization\"},\"image\":{\"@id\":\"https:\/\/greenpatio.es\/servicios\/#primaryimage\"},\"thumbnailUrl\":\"https:\/\/greenpatio.es\/wp-content\/uploads\/2024\/11\/h1-team-3-1.png\",\"inLanguage\":\"fr-FR\"},{\"@type\":\"WebPage\",\"@id\":\"https:\/\/greenpatio.es\/servicios\/\",\"url\":\"https:\/\/greenpatio.es\/servicios\/\",\"name\":\"Servicios de Alquiler de Espacios para Eventos - Green Patio\",\"isPartOf\":{\"@id\":\"https:\/\/greenpatio.es\/#website\"},\"primaryImageOfPage\":{\"@id\":\"https:\/\/greenpatio.es\/servicios\/#primaryimage\"},\"image\":{\"@id\":\"https:\/\/greenpatio.es\/servicios\/#primaryimage\"},\"thumbnailUrl\":\"https:\/\/greenpatio.es\/wp-content\/uploads\/2024\/11\/h1-team-3-1.png\",\"datePublished\":\"2024-11-13T10:38:59+00:00\",\"dateModified\":\"2025-04-09T11:35:17+00:00\",\"description\":\"Nuestro equipo de profesionales est\u00e1 disponible para ayudarte en la planificaci\u00f3n y gesti\u00f3n de cada detalle de tu evento.\",\"breadcrumb\":{\"@id\":\"https:\/\/greenpatio.es\/servicios\/#breadcrumb\"},\"inLanguage\":\"fr-FR\",\"potentialAction\":[{\"@type\":\"ReadAction\",\"target\":[\"https:\/\/greenpatio.es\/servicios\/\"]}]},{\"@type\":\"ImageObject\",\"inLanguage\":\"fr-FR\",\"@id\":\"https:\/\/greenpatio.es\/servicios\/#primaryimage\",\"url\":\"https:\/\/greenpatio.es\/wp-content\/uploads\/2024\/11\/h1-team-3-1.png\",\"contentUrl\":\"https:\/\/greenpatio.es\/wp-content\/uploads\/2024\/11\/h1-team-3-1.png\"},{\"@type\":\"BreadcrumbList\",\"@id\":\"https:\/\/greenpatio.es\/servicios\/#breadcrumb\",\"itemListElement\":[{\"@type\":\"ListItem\",\"position\":1,\"name\":\"Inicio\",\"item\":\"https:\/\/greenpatio.es\/\"},{\"@type\":\"ListItem\",\"position\":2,\"name\":\"Servicios\"}]},{\"@type\":\"WebSite\",\"@id\":\"https:\/\/greenpatio.es\/#website\",\"url\":\"https:\/\/greenpatio.es\/\",\"name\":\"Green Patio\",\"description\":\"Espacios para eventos en Madrid\",\"publisher\":{\"@id\":\"https:\/\/greenpatio.es\/#organization\"},\"alternateName\":\"Green Patio - Espacios para eventos en Madrid\",\"potentialAction\":[{\"@type\":\"SearchAction\",\"target\":{\"@type\":\"EntryPoint\",\"urlTemplate\":\"https:\/\/greenpatio.es\/?s={search_term_string}\"},\"query-input\":{\"@type\":\"PropertyValueSpecification\",\"valueRequired\":true,\"valueName\":\"search_term_string\"}}],\"inLanguage\":\"fr-FR\"},{\"@type\":\"Organization\",\"@id\":\"https:\/\/greenpatio.es\/#organization\",\"name\":\"Green Patio\",\"alternateName\":\"Green Patio Espacio para eventos en Madrid\",\"url\":\"https:\/\/greenpatio.es\/\",\"logo\":{\"@type\":\"ImageObject\",\"inLanguage\":\"fr-FR\",\"@id\":\"https:\/\/greenpatio.es\/#\/schema\/logo\/image\/\",\"url\":\"https:\/\/greenpatio.es\/wp-content\/uploads\/2024\/12\/logo-reducido-green-patio.png\",\"contentUrl\":\"https:\/\/greenpatio.es\/wp-content\/uploads\/2024\/12\/logo-reducido-green-patio.png\",\"width\":1465,\"height\":1465,\"caption\":\"Green Patio\"},\"image\":{\"@id\":\"https:\/\/greenpatio.es\/#\/schema\/logo\/image\/\"},\"sameAs\":[\"https:\/\/www.instagram.com\/greenpatioevents\/\"]},{\"@type\":\"Person\",\"@id\":\"https:\/\/greenpatio.es\/#\/schema\/person\/85538d898e3b9d8195d05f58aa605b8d\",\"name\":\"admin\",\"image\":{\"@type\":\"ImageObject\",\"inLanguage\":\"fr-FR\",\"@id\":\"https:\/\/greenpatio.es\/#\/schema\/person\/image\/\",\"url\":\"https:\/\/secure.gravatar.com\/avatar\/dc343822ff32eded78127b9bc70d7a8bc38956142c75c7731c634a64f56fcafe?s=96&d=mm&r=g\",\"contentUrl\":\"https:\/\/secure.gravatar.com\/avatar\/dc343822ff32eded78127b9bc70d7a8bc38956142c75c7731c634a64f56fcafe?s=96&d=mm&r=g\",\"caption\":\"admin\"},\"sameAs\":[\"https:\/\/greenpatio.es\"]}]}<\/script>\n<!-- \/ Yoast SEO plugin. -->","yoast_head_json":{"title":"Servicios de Alquiler de Espacios para Eventos - Green Patio","description":"Nuestro equipo de profesionales est\u00e1 disponible para ayudarte en la planificaci\u00f3n y gesti\u00f3n de cada detalle de tu evento.","robots":{"index":"index","follow":"follow","max-snippet":"max-snippet:-1","max-image-preview":"max-image-preview:large","max-video-preview":"max-video-preview:-1"},"canonical":"https:\/\/greenpatio.es\/fr\/servicios\/","og_locale":"fr_FR","og_type":"article","og_title":"Servicios de Alquiler de Espacios para Eventos - Green Patio","og_description":"Nuestro equipo de profesionales est\u00e1 disponible para ayudarte en la planificaci\u00f3n y gesti\u00f3n de cada detalle de tu evento.","og_url":"https:\/\/greenpatio.es\/fr\/servicios\/","og_site_name":"Green Patio","article_modified_time":"2025-04-09T11:35:17+00:00","og_image":[{"url":"https:\/\/greenpatio.es\/wp-content\/uploads\/2024\/11\/h1-team-3-1.png","type":"","width":"","height":""}],"twitter_card":"summary_large_image","twitter_misc":{"Dur\u00e9e de lecture estim\u00e9e":"5 minutes"},"schema":{"@context":"https:\/\/schema.org","@graph":[{"@type":"NewsArticle","@id":"https:\/\/greenpatio.es\/servicios\/#article","isPartOf":{"@id":"https:\/\/greenpatio.es\/servicios\/"},"author":{"name":"admin","@id":"https:\/\/greenpatio.es\/#\/schema\/person\/85538d898e3b9d8195d05f58aa605b8d"},"headline":"Servicios","datePublished":"2024-11-13T10:38:59+00:00","dateModified":"2025-04-09T11:35:17+00:00","mainEntityOfPage":{"@id":"https:\/\/greenpatio.es\/servicios\/"},"wordCount":380,"publisher":{"@id":"https:\/\/greenpatio.es\/#organization"},"image":{"@id":"https:\/\/greenpatio.es\/servicios\/#primaryimage"},"thumbnailUrl":"https:\/\/greenpatio.es\/wp-content\/uploads\/2024\/11\/h1-team-3-1.png","inLanguage":"fr-FR"},{"@type":"WebPage","@id":"https:\/\/greenpatio.es\/servicios\/","url":"https:\/\/greenpatio.es\/servicios\/","name":"Servicios de Alquiler de Espacios para Eventos - Green Patio","isPartOf":{"@id":"https:\/\/greenpatio.es\/#website"},"primaryImageOfPage":{"@id":"https:\/\/greenpatio.es\/servicios\/#primaryimage"},"image":{"@id":"https:\/\/greenpatio.es\/servicios\/#primaryimage"},"thumbnailUrl":"https:\/\/greenpatio.es\/wp-content\/uploads\/2024\/11\/h1-team-3-1.png","datePublished":"2024-11-13T10:38:59+00:00","dateModified":"2025-04-09T11:35:17+00:00","description":"Nuestro equipo de profesionales est\u00e1 disponible para ayudarte en la planificaci\u00f3n y gesti\u00f3n de cada detalle de tu evento.","breadcrumb":{"@id":"https:\/\/greenpatio.es\/servicios\/#breadcrumb"},"inLanguage":"fr-FR","potentialAction":[{"@type":"ReadAction","target":["https:\/\/greenpatio.es\/servicios\/"]}]},{"@type":"ImageObject","inLanguage":"fr-FR","@id":"https:\/\/greenpatio.es\/servicios\/#primaryimage","url":"https:\/\/greenpatio.es\/wp-content\/uploads\/2024\/11\/h1-team-3-1.png","contentUrl":"https:\/\/greenpatio.es\/wp-content\/uploads\/2024\/11\/h1-team-3-1.png"},{"@type":"BreadcrumbList","@id":"https:\/\/greenpatio.es\/servicios\/#breadcrumb","itemListElement":[{"@type":"ListItem","position":1,"name":"Inicio","item":"https:\/\/greenpatio.es\/"},{"@type":"ListItem","position":2,"name":"Servicios"}]},{"@type":"WebSite","@id":"https:\/\/greenpatio.es\/#website","url":"https:\/\/greenpatio.es\/","name":"Green Patio","description":"Espacios para eventos en Madrid","publisher":{"@id":"https:\/\/greenpatio.es\/#organization"},"alternateName":"Green Patio - Espacios para eventos en Madrid","potentialAction":[{"@type":"SearchAction","target":{"@type":"EntryPoint","urlTemplate":"https:\/\/greenpatio.es\/?s={search_term_string}"},"query-input":{"@type":"PropertyValueSpecification","valueRequired":true,"valueName":"search_term_string"}}],"inLanguage":"fr-FR"},{"@type":"Organization","@id":"https:\/\/greenpatio.es\/#organization","name":"Green Patio","alternateName":"Green Patio Espacio para eventos en Madrid","url":"https:\/\/greenpatio.es\/","logo":{"@type":"ImageObject","inLanguage":"fr-FR","@id":"https:\/\/greenpatio.es\/#\/schema\/logo\/image\/","url":"https:\/\/greenpatio.es\/wp-content\/uploads\/2024\/12\/logo-reducido-green-patio.png","contentUrl":"https:\/\/greenpatio.es\/wp-content\/uploads\/2024\/12\/logo-reducido-green-patio.png","width":1465,"height":1465,"caption":"Green Patio"},"image":{"@id":"https:\/\/greenpatio.es\/#\/schema\/logo\/image\/"},"sameAs":["https:\/\/www.instagram.com\/greenpatioevents\/"]},{"@type":"Person","@id":"https:\/\/greenpatio.es\/#\/schema\/person\/85538d898e3b9d8195d05f58aa605b8d","name":"admin","image":{"@type":"ImageObject","inLanguage":"fr-FR","@id":"https:\/\/greenpatio.es\/#\/schema\/person\/image\/","url":"https:\/\/secure.gravatar.com\/avatar\/dc343822ff32eded78127b9bc70d7a8bc38956142c75c7731c634a64f56fcafe?s=96&d=mm&r=g","contentUrl":"https:\/\/secure.gravatar.com\/avatar\/dc343822ff32eded78127b9bc70d7a8bc38956142c75c7731c634a64f56fcafe?s=96&d=mm&r=g","caption":"admin"},"sameAs":["https:\/\/greenpatio.es"]}]}},"_links":{"self":[{"href":"https:\/\/greenpatio.es\/fr\/wp-json\/wp\/v2\/pages\/147524","targetHints":{"allow":["GET"]}}],"collection":[{"href":"https:\/\/greenpatio.es\/fr\/wp-json\/wp\/v2\/pages"}],"about":[{"href":"https:\/\/greenpatio.es\/fr\/wp-json\/wp\/v2\/types\/page"}],"author":[{"embeddable":true,"href":"https:\/\/greenpatio.es\/fr\/wp-json\/wp\/v2\/users\/1"}],"replies":[{"embeddable":true,"href":"https:\/\/greenpatio.es\/fr\/wp-json\/wp\/v2\/comments?post=147524"}],"version-history":[{"count":187,"href":"https:\/\/greenpatio.es\/fr\/wp-json\/wp\/v2\/pages\/147524\/revisions"}],"predecessor-version":[{"id":150854,"href":"https:\/\/greenpatio.es\/fr\/wp-json\/wp\/v2\/pages\/147524\/revisions\/150854"}],"wp:attachment":[{"href":"https:\/\/greenpatio.es\/fr\/wp-json\/wp\/v2\/media?parent=147524"}],"curies":[{"name":"wp","href":"https:\/\/api.w.org\/{rel}","templated":true}]}}