{"id":9555,"date":"2023-10-20T11:10:39","date_gmt":"2023-10-20T11:10:39","guid":{"rendered":"https:\/\/bridge499.qodeinteractive.com\/?page_id=9555"},"modified":"2023-10-20T11:10:39","modified_gmt":"2023-10-20T11:10:39","slug":"about-us-2","status":"publish","type":"page","link":"https:\/\/greenpatio.es\/fr\/about-us-2\/","title":{"rendered":"About us"},"content":{"rendered":"<div data-elementor-type=\"wp-page\" data-elementor-id=\"9555\" class=\"elementor elementor-9555\" data-elementor-post-type=\"page\">\n\t\t\t\t<div class=\"elementor-element elementor-element-ebdbdab e-con-full e-flex parallax_section_no qode_elementor_container_no e-con e-parent\" data-id=\"ebdbdab\" data-element_type=\"container\">\n\t\t\t\t<div class=\"elementor-element elementor-element-9df21ad elementor-widget__width-initial elementor-widget elementor-widget-text-editor\" data-id=\"9df21ad\" data-element_type=\"widget\" data-widget_type=\"text-editor.default\">\n\t\t\t\t<div class=\"elementor-widget-container\">\n\t\t\t\t\t\t\t\t\t<h1 class=\"qodef-m-title\">LightHouse Architects tempus quam pellent esque nec. Curabitur gravida arcu ac tortor dignissim convallis. Les enfants ont \u00e9t\u00e9 mis \u00e0 l'\u00e9cart de l'environnement, et les enfants ont \u00e9t\u00e9 mis \u00e0 l'\u00e9cart de l'environnement, et les enfants ont \u00e9t\u00e9 mis \u00e0 l'\u00e9cart de l'environnement.<\/h1>\t\t\t\t\t\t\t\t<\/div>\n\t\t\t\t<\/div>\n\t\t\t\t<\/div>\n\t\t<div class=\"elementor-element elementor-element-1c28ee2 e-con-full e-flex parallax_section_no qode_elementor_container_no e-con e-parent\" data-id=\"1c28ee2\" data-element_type=\"container\" data-settings=\"{&quot;background_background&quot;:&quot;classic&quot;}\">\n\t\t<div class=\"elementor-element elementor-element-0ef3719 e-con-full e-flex parallax_section_no qode_elementor_container_no e-con e-child\" data-id=\"0ef3719\" data-element_type=\"container\">\n\t\t\t\t<div class=\"elementor-element elementor-element-2479366 elementor-widget__width-initial elementor-widget elementor-widget-qi_addons_for_elementor_section_title\" data-id=\"2479366\" data-element_type=\"widget\" data-widget_type=\"qi_addons_for_elementor_section_title.default\">\n\t\t\t\t<div class=\"elementor-widget-container\">\n\t\t\t\t\t<div class=\"qodef-shortcode qodef-m  qodef-qi-section-title  qodef-decoration--italic  qodef-link--underline-draw qodef-subtitle-icon--left\">\n\t\t\t\t\t\t<h4 class=\"qodef-m-title\">\n\t\tMat\u00e9riaux\t<\/h4>\n\t\t\t<div class=\"qodef-m-text\"><p>Le nombre d'heures de travail a \u00e9t\u00e9 r\u00e9duit de moiti\u00e9 par rapport \u00e0 l'ann\u00e9e pr\u00e9c\u00e9dente, et le nombre d'heures de travail a \u00e9t\u00e9 r\u00e9duit de moiti\u00e9 par rapport \u00e0 l'ann\u00e9e pr\u00e9c\u00e9dente, et le nombre d'heures de travail a \u00e9t\u00e9 r\u00e9duit de moiti\u00e9 par rapport \u00e0 l'ann\u00e9e pr\u00e9c\u00e9dente. Lorem sed risus ultricies tristique nulla aliquet enim tortor at. Il n'y a pas d'autre solution que de s'en remettre \u00e0 l'exp\u00e9rience des autres. Pulvinar elmentum integer enim neque volutpat ac tincidunt vitae semper est ultricies integer nus.<\/p><\/div>\n\t<\/div>\n\t\t\t\t<\/div>\n\t\t\t\t<\/div>\n\t\t\t\t<\/div>\n\t\t<div class=\"elementor-element elementor-element-ab2d472 e-con-full e-flex parallax_section_no qode_elementor_container_no e-con e-child\" data-id=\"ab2d472\" data-element_type=\"container\">\n\t\t\t\t<div class=\"elementor-element elementor-element-dcf7a0d elementor-widget__width-auto elementor-widget elementor-widget-bridge_image_gallery\" data-id=\"dcf7a0d\" data-element_type=\"widget\" data-widget_type=\"bridge_image_gallery.default\">\n\t\t\t\t<div class=\"elementor-widget-container\">\n\t\t\t\t\t<div class=\"qode-image-gallery\"><div class=\"qode-image-gallery-inner\"><div class=\"qode-image-gallery-slides drag_enabled wpb_image_grid\" data-interval=\"\"data-control=\"false\"data-direction=\"false\"data-pause-on-hover=\"false\"data-drag=\"true\"><div class=\"gallery_holder\"><ul class=\"gallery_inner   v0\"><li class=\"no_grayscale\"><img decoding=\"async\" itemprop=\"image\" src=\"https:\/\/greenpatio.es\/wp-content\/uploads\/2022\/12\/p2-img-01.jpg\" \/><\/li><\/ul><\/div><\/div><\/div><\/div>\t\t\t\t<\/div>\n\t\t\t\t<\/div>\n\t\t\t\t<\/div>\n\t\t\t\t<\/div>\n\t\t<div class=\"elementor-element elementor-element-ee2715d e-con-full e-flex parallax_section_no qode_elementor_container_no e-con e-parent\" data-id=\"ee2715d\" data-element_type=\"container\">\n\t\t<div class=\"elementor-element elementor-element-f7feff8 e-con-full e-flex parallax_section_no qode_elementor_container_no e-con e-child\" data-id=\"f7feff8\" data-element_type=\"container\">\n\t\t\t\t<div class=\"elementor-element elementor-element-4b0395c elementor-widget__width-auto elementor-widget elementor-widget-bridge_image_gallery\" data-id=\"4b0395c\" data-element_type=\"widget\" data-widget_type=\"bridge_image_gallery.default\">\n\t\t\t\t<div class=\"elementor-widget-container\">\n\t\t\t\t\t<div class=\"qode-image-gallery\"><div class=\"qode-image-gallery-inner\"><div class=\"qode-image-gallery-slides drag_enabled wpb_image_grid\" data-interval=\"\"data-control=\"false\"data-direction=\"false\"data-pause-on-hover=\"false\"data-drag=\"true\"><div class=\"gallery_holder\"><ul class=\"gallery_inner   v0\"><li class=\"no_grayscale\"><img decoding=\"async\" itemprop=\"image\" src=\"https:\/\/greenpatio.es\/wp-content\/uploads\/2022\/12\/p2-img-02.jpg\" \/><\/li><\/ul><\/div><\/div><\/div><\/div>\t\t\t\t<\/div>\n\t\t\t\t<\/div>\n\t\t\t\t<div class=\"elementor-element elementor-element-c246901 elementor-widget__width-auto elementor-widget elementor-widget-bridge_image_gallery\" data-id=\"c246901\" data-element_type=\"widget\" data-widget_type=\"bridge_image_gallery.default\">\n\t\t\t\t<div class=\"elementor-widget-container\">\n\t\t\t\t\t<div class=\"qode-image-gallery\"><div class=\"qode-image-gallery-inner\"><div class=\"qode-image-gallery-slides drag_enabled wpb_image_grid\" data-interval=\"\"data-control=\"false\"data-direction=\"false\"data-pause-on-hover=\"false\"data-drag=\"true\"><div class=\"gallery_holder\"><ul class=\"gallery_inner   v0\"><li class=\"no_grayscale\"><img decoding=\"async\" itemprop=\"image\" src=\"https:\/\/greenpatio.es\/wp-content\/uploads\/2022\/12\/p2-img-03a.jpg\" \/><\/li><\/ul><\/div><\/div><\/div><\/div>\t\t\t\t<\/div>\n\t\t\t\t<\/div>\n\t\t\t\t<\/div>\n\t\t<div class=\"elementor-element elementor-element-2ae6f86 e-con-full e-flex parallax_section_no qode_elementor_container_no e-con e-child\" data-id=\"2ae6f86\" data-element_type=\"container\">\n\t\t\t\t<div class=\"elementor-element elementor-element-9fc9951 elementor-widget__width-initial elementor-widget elementor-widget-qi_addons_for_elementor_section_title\" data-id=\"9fc9951\" data-element_type=\"widget\" data-widget_type=\"qi_addons_for_elementor_section_title.default\">\n\t\t\t\t<div class=\"elementor-widget-container\">\n\t\t\t\t\t<div class=\"qodef-shortcode qodef-m  qodef-qi-section-title  qodef-decoration--italic  qodef-link--underline-draw qodef-subtitle-icon--left\">\n\t\t\t\t\t\t<h4 class=\"qodef-m-title\">\n\t\tPratique\t<\/h4>\n\t\t\t<div class=\"qodef-m-text\"><p>Le nombre d'heures de travail a \u00e9t\u00e9 r\u00e9duit de moiti\u00e9 par rapport \u00e0 l'ann\u00e9e pr\u00e9c\u00e9dente, et le nombre d'heures de travail a \u00e9t\u00e9 r\u00e9duit de moiti\u00e9 par rapport \u00e0 l'ann\u00e9e pr\u00e9c\u00e9dente, et le nombre d'heures de travail a \u00e9t\u00e9 r\u00e9duit de moiti\u00e9 par rapport \u00e0 l'ann\u00e9e pr\u00e9c\u00e9dente. Lorem sed risus ultricies tristique nulla aliquet enim tortor at. Il n'y a pas d'autre solution que de s'en remettre \u00e0 l'exp\u00e9rience des autres. Pulvinar elmentum integer enim neque volutpat ac tincidunt vitae semper est ultricies integer nus.<\/p><\/div>\n\t<\/div>\n\t\t\t\t<\/div>\n\t\t\t\t<\/div>\n\t\t\t\t<div class=\"elementor-element elementor-element-4ce35e7 elementor-widget elementor-widget-text-editor\" data-id=\"4ce35e7\" data-element_type=\"widget\" data-widget_type=\"text-editor.default\">\n\t\t\t\t<div class=\"elementor-widget-container\">\n\t\t\t\t\t\t\t\t\t<h4><a class=\"qode-underline-link\"href=\"https:\/\/greenpatio.es\/fr\/contact-us\/\">Concevoir une maison parfaite<\/a><\/h4>\t\t\t\t\t\t\t\t<\/div>\n\t\t\t\t<\/div>\n\t\t\t\t<div class=\"elementor-element elementor-element-faee4b9 elementor-widget elementor-widget-text-editor\" data-id=\"faee4b9\" data-element_type=\"widget\" data-widget_type=\"text-editor.default\">\n\t\t\t\t<div class=\"elementor-widget-container\">\n\t\t\t\t\t\t\t\t\t<div class=\"elementor-element elementor-element-841aadd qodef--underline elementor-widget elementor-widget-text-editor\" data-id=\"841aadd\" data-element_type=\"widget\" data-widget_type=\"text-editor.default\">\n<div class=\"elementor-widget-container\">\n<h4><a class=\"qode-underline-link\" href=\"https:\/\/greenpatio.es\/fr\/contact-us\/\">T\u00e9l\u00e9charger notre brochure<\/a><\/h4>\n<\/div>\n<\/div>\t\t\t\t\t\t\t\t<\/div>\n\t\t\t\t<\/div>\n\t\t\t\t<div class=\"elementor-element elementor-element-88a6387 elementor-widget elementor-widget-text-editor\" data-id=\"88a6387\" data-element_type=\"widget\" data-widget_type=\"text-editor.default\">\n\t\t\t\t<div class=\"elementor-widget-container\">\n\t\t\t\t\t\t\t\t\t<div class=\"elementor-element elementor-element-841aadd qodef--underline elementor-widget elementor-widget-text-editor\" data-id=\"841aadd\" data-element_type=\"widget\" data-widget_type=\"text-editor.default\">\n<div class=\"elementor-widget-container\">\n<h4><a class=\"qode-underline-link\" href=\"https:\/\/greenpatio.es\/fr\/contact-us\/\">Posez-nous vos questions \u00e0 nos architectes<\/a><\/h4>\n<\/div>\n<\/div>\t\t\t\t\t\t\t\t<\/div>\n\t\t\t\t<\/div>\n\t\t\t\t<\/div>\n\t\t\t\t<\/div>\n\t\t\t\t<\/div>","protected":false},"excerpt":{"rendered":"<p>LightHouse Architects tempus quam pellent&#8230;<\/p>","protected":false},"author":1,"featured_media":0,"parent":0,"menu_order":0,"comment_status":"closed","ping_status":"closed","template":"full_width.php","meta":{"_monsterinsights_skip_tracking":false,"_monsterinsights_sitenote_active":false,"_monsterinsights_sitenote_note":"","_monsterinsights_sitenote_category":0,"footnotes":""},"class_list":["post-9555","page","type-page","status-publish","hentry"],"yoast_head":"<!-- This site is optimized with the Yoast SEO plugin v24.0 - https:\/\/yoast.com\/wordpress\/plugins\/seo\/ -->\n<title>About us - Green Patio<\/title>\n<meta name=\"robots\" content=\"index, follow, max-snippet:-1, max-image-preview:large, max-video-preview:-1\" \/>\n<link rel=\"canonical\" href=\"https:\/\/greenpatio.es\/fr\/about-us-2\/\" \/>\n<meta property=\"og:locale\" content=\"fr_FR\" \/>\n<meta property=\"og:type\" content=\"article\" \/>\n<meta property=\"og:title\" content=\"About us - Green Patio\" \/>\n<meta property=\"og:description\" content=\"LightHouse Architects tempus quam pellent...\" \/>\n<meta property=\"og:url\" content=\"https:\/\/greenpatio.es\/fr\/about-us-2\/\" \/>\n<meta property=\"og:site_name\" content=\"Green Patio\" \/>\n<meta property=\"og:image\" content=\"https:\/\/bridge499.qodeinteractive.com\/wp-content\/uploads\/2022\/12\/p2-img-01.jpg\" \/>\n<meta name=\"twitter:card\" content=\"summary_large_image\" \/>\n<meta name=\"twitter:label1\" content=\"Dur\u00e9e de lecture estim\u00e9e\" \/>\n\t<meta name=\"twitter:data1\" content=\"1 minute\" \/>\n<script type=\"application\/ld+json\" class=\"yoast-schema-graph\">{\"@context\":\"https:\/\/schema.org\",\"@graph\":[{\"@type\":\"NewsArticle\",\"@id\":\"https:\/\/greenpatio.es\/about-us-2\/#article\",\"isPartOf\":{\"@id\":\"https:\/\/greenpatio.es\/about-us-2\/\"},\"author\":{\"name\":\"admin\",\"@id\":\"https:\/\/greenpatio.es\/#\/schema\/person\/85538d898e3b9d8195d05f58aa605b8d\"},\"headline\":\"About us\",\"datePublished\":\"2023-10-20T11:10:39+00:00\",\"dateModified\":\"2023-10-20T11:10:39+00:00\",\"mainEntityOfPage\":{\"@id\":\"https:\/\/greenpatio.es\/about-us-2\/\"},\"wordCount\":144,\"publisher\":{\"@id\":\"https:\/\/greenpatio.es\/#organization\"},\"image\":{\"@id\":\"https:\/\/greenpatio.es\/about-us-2\/#primaryimage\"},\"thumbnailUrl\":\"https:\/\/bridge499.qodeinteractive.com\/wp-content\/uploads\/2022\/12\/p2-img-01.jpg\",\"inLanguage\":\"fr-FR\"},{\"@type\":\"WebPage\",\"@id\":\"https:\/\/greenpatio.es\/about-us-2\/\",\"url\":\"https:\/\/greenpatio.es\/about-us-2\/\",\"name\":\"About us - Green Patio\",\"isPartOf\":{\"@id\":\"https:\/\/greenpatio.es\/#website\"},\"primaryImageOfPage\":{\"@id\":\"https:\/\/greenpatio.es\/about-us-2\/#primaryimage\"},\"image\":{\"@id\":\"https:\/\/greenpatio.es\/about-us-2\/#primaryimage\"},\"thumbnailUrl\":\"https:\/\/bridge499.qodeinteractive.com\/wp-content\/uploads\/2022\/12\/p2-img-01.jpg\",\"datePublished\":\"2023-10-20T11:10:39+00:00\",\"dateModified\":\"2023-10-20T11:10:39+00:00\",\"breadcrumb\":{\"@id\":\"https:\/\/greenpatio.es\/about-us-2\/#breadcrumb\"},\"inLanguage\":\"fr-FR\",\"potentialAction\":[{\"@type\":\"ReadAction\",\"target\":[\"https:\/\/greenpatio.es\/about-us-2\/\"]}]},{\"@type\":\"ImageObject\",\"inLanguage\":\"fr-FR\",\"@id\":\"https:\/\/greenpatio.es\/about-us-2\/#primaryimage\",\"url\":\"https:\/\/bridge499.qodeinteractive.com\/wp-content\/uploads\/2022\/12\/p2-img-01.jpg\",\"contentUrl\":\"https:\/\/bridge499.qodeinteractive.com\/wp-content\/uploads\/2022\/12\/p2-img-01.jpg\"},{\"@type\":\"BreadcrumbList\",\"@id\":\"https:\/\/greenpatio.es\/about-us-2\/#breadcrumb\",\"itemListElement\":[{\"@type\":\"ListItem\",\"position\":1,\"name\":\"Inicio\",\"item\":\"https:\/\/greenpatio.es\/\"},{\"@type\":\"ListItem\",\"position\":2,\"name\":\"About us\"}]},{\"@type\":\"WebSite\",\"@id\":\"https:\/\/greenpatio.es\/#website\",\"url\":\"https:\/\/greenpatio.es\/\",\"name\":\"Green Patio\",\"description\":\"Espacios para eventos en Madrid\",\"publisher\":{\"@id\":\"https:\/\/greenpatio.es\/#organization\"},\"alternateName\":\"Green Patio - Espacios para eventos en Madrid\",\"potentialAction\":[{\"@type\":\"SearchAction\",\"target\":{\"@type\":\"EntryPoint\",\"urlTemplate\":\"https:\/\/greenpatio.es\/?s={search_term_string}\"},\"query-input\":{\"@type\":\"PropertyValueSpecification\",\"valueRequired\":true,\"valueName\":\"search_term_string\"}}],\"inLanguage\":\"fr-FR\"},{\"@type\":\"Organization\",\"@id\":\"https:\/\/greenpatio.es\/#organization\",\"name\":\"Green Patio\",\"alternateName\":\"Green Patio Espacio para eventos en Madrid\",\"url\":\"https:\/\/greenpatio.es\/\",\"logo\":{\"@type\":\"ImageObject\",\"inLanguage\":\"fr-FR\",\"@id\":\"https:\/\/greenpatio.es\/#\/schema\/logo\/image\/\",\"url\":\"https:\/\/greenpatio.es\/wp-content\/uploads\/2024\/12\/logo-reducido-green-patio.png\",\"contentUrl\":\"https:\/\/greenpatio.es\/wp-content\/uploads\/2024\/12\/logo-reducido-green-patio.png\",\"width\":1465,\"height\":1465,\"caption\":\"Green Patio\"},\"image\":{\"@id\":\"https:\/\/greenpatio.es\/#\/schema\/logo\/image\/\"},\"sameAs\":[\"https:\/\/www.instagram.com\/greenpatioevents\/\"]},{\"@type\":\"Person\",\"@id\":\"https:\/\/greenpatio.es\/#\/schema\/person\/85538d898e3b9d8195d05f58aa605b8d\",\"name\":\"admin\",\"image\":{\"@type\":\"ImageObject\",\"inLanguage\":\"fr-FR\",\"@id\":\"https:\/\/greenpatio.es\/#\/schema\/person\/image\/\",\"url\":\"https:\/\/secure.gravatar.com\/avatar\/dc343822ff32eded78127b9bc70d7a8bc38956142c75c7731c634a64f56fcafe?s=96&d=mm&r=g\",\"contentUrl\":\"https:\/\/secure.gravatar.com\/avatar\/dc343822ff32eded78127b9bc70d7a8bc38956142c75c7731c634a64f56fcafe?s=96&d=mm&r=g\",\"caption\":\"admin\"},\"sameAs\":[\"https:\/\/greenpatio.es\"]}]}<\/script>\n<!-- \/ Yoast SEO plugin. -->","yoast_head_json":{"title":"About us - Green Patio","robots":{"index":"index","follow":"follow","max-snippet":"max-snippet:-1","max-image-preview":"max-image-preview:large","max-video-preview":"max-video-preview:-1"},"canonical":"https:\/\/greenpatio.es\/fr\/about-us-2\/","og_locale":"fr_FR","og_type":"article","og_title":"About us - Green Patio","og_description":"LightHouse Architects tempus quam pellent...","og_url":"https:\/\/greenpatio.es\/fr\/about-us-2\/","og_site_name":"Green Patio","og_image":[{"url":"https:\/\/bridge499.qodeinteractive.com\/wp-content\/uploads\/2022\/12\/p2-img-01.jpg","type":"","width":"","height":""}],"twitter_card":"summary_large_image","twitter_misc":{"Dur\u00e9e de lecture estim\u00e9e":"1 minute"},"schema":{"@context":"https:\/\/schema.org","@graph":[{"@type":"NewsArticle","@id":"https:\/\/greenpatio.es\/about-us-2\/#article","isPartOf":{"@id":"https:\/\/greenpatio.es\/about-us-2\/"},"author":{"name":"admin","@id":"https:\/\/greenpatio.es\/#\/schema\/person\/85538d898e3b9d8195d05f58aa605b8d"},"headline":"About us","datePublished":"2023-10-20T11:10:39+00:00","dateModified":"2023-10-20T11:10:39+00:00","mainEntityOfPage":{"@id":"https:\/\/greenpatio.es\/about-us-2\/"},"wordCount":144,"publisher":{"@id":"https:\/\/greenpatio.es\/#organization"},"image":{"@id":"https:\/\/greenpatio.es\/about-us-2\/#primaryimage"},"thumbnailUrl":"https:\/\/bridge499.qodeinteractive.com\/wp-content\/uploads\/2022\/12\/p2-img-01.jpg","inLanguage":"fr-FR"},{"@type":"WebPage","@id":"https:\/\/greenpatio.es\/about-us-2\/","url":"https:\/\/greenpatio.es\/about-us-2\/","name":"About us - Green Patio","isPartOf":{"@id":"https:\/\/greenpatio.es\/#website"},"primaryImageOfPage":{"@id":"https:\/\/greenpatio.es\/about-us-2\/#primaryimage"},"image":{"@id":"https:\/\/greenpatio.es\/about-us-2\/#primaryimage"},"thumbnailUrl":"https:\/\/bridge499.qodeinteractive.com\/wp-content\/uploads\/2022\/12\/p2-img-01.jpg","datePublished":"2023-10-20T11:10:39+00:00","dateModified":"2023-10-20T11:10:39+00:00","breadcrumb":{"@id":"https:\/\/greenpatio.es\/about-us-2\/#breadcrumb"},"inLanguage":"fr-FR","potentialAction":[{"@type":"ReadAction","target":["https:\/\/greenpatio.es\/about-us-2\/"]}]},{"@type":"ImageObject","inLanguage":"fr-FR","@id":"https:\/\/greenpatio.es\/about-us-2\/#primaryimage","url":"https:\/\/bridge499.qodeinteractive.com\/wp-content\/uploads\/2022\/12\/p2-img-01.jpg","contentUrl":"https:\/\/bridge499.qodeinteractive.com\/wp-content\/uploads\/2022\/12\/p2-img-01.jpg"},{"@type":"BreadcrumbList","@id":"https:\/\/greenpatio.es\/about-us-2\/#breadcrumb","itemListElement":[{"@type":"ListItem","position":1,"name":"Inicio","item":"https:\/\/greenpatio.es\/"},{"@type":"ListItem","position":2,"name":"About us"}]},{"@type":"WebSite","@id":"https:\/\/greenpatio.es\/#website","url":"https:\/\/greenpatio.es\/","name":"Green Patio","description":"Espacios para eventos en Madrid","publisher":{"@id":"https:\/\/greenpatio.es\/#organization"},"alternateName":"Green Patio - Espacios para eventos en Madrid","potentialAction":[{"@type":"SearchAction","target":{"@type":"EntryPoint","urlTemplate":"https:\/\/greenpatio.es\/?s={search_term_string}"},"query-input":{"@type":"PropertyValueSpecification","valueRequired":true,"valueName":"search_term_string"}}],"inLanguage":"fr-FR"},{"@type":"Organization","@id":"https:\/\/greenpatio.es\/#organization","name":"Green Patio","alternateName":"Green Patio Espacio para eventos en Madrid","url":"https:\/\/greenpatio.es\/","logo":{"@type":"ImageObject","inLanguage":"fr-FR","@id":"https:\/\/greenpatio.es\/#\/schema\/logo\/image\/","url":"https:\/\/greenpatio.es\/wp-content\/uploads\/2024\/12\/logo-reducido-green-patio.png","contentUrl":"https:\/\/greenpatio.es\/wp-content\/uploads\/2024\/12\/logo-reducido-green-patio.png","width":1465,"height":1465,"caption":"Green Patio"},"image":{"@id":"https:\/\/greenpatio.es\/#\/schema\/logo\/image\/"},"sameAs":["https:\/\/www.instagram.com\/greenpatioevents\/"]},{"@type":"Person","@id":"https:\/\/greenpatio.es\/#\/schema\/person\/85538d898e3b9d8195d05f58aa605b8d","name":"admin","image":{"@type":"ImageObject","inLanguage":"fr-FR","@id":"https:\/\/greenpatio.es\/#\/schema\/person\/image\/","url":"https:\/\/secure.gravatar.com\/avatar\/dc343822ff32eded78127b9bc70d7a8bc38956142c75c7731c634a64f56fcafe?s=96&d=mm&r=g","contentUrl":"https:\/\/secure.gravatar.com\/avatar\/dc343822ff32eded78127b9bc70d7a8bc38956142c75c7731c634a64f56fcafe?s=96&d=mm&r=g","caption":"admin"},"sameAs":["https:\/\/greenpatio.es"]}]}},"_links":{"self":[{"href":"https:\/\/greenpatio.es\/fr\/wp-json\/wp\/v2\/pages\/9555","targetHints":{"allow":["GET"]}}],"collection":[{"href":"https:\/\/greenpatio.es\/fr\/wp-json\/wp\/v2\/pages"}],"about":[{"href":"https:\/\/greenpatio.es\/fr\/wp-json\/wp\/v2\/types\/page"}],"author":[{"embeddable":true,"href":"https:\/\/greenpatio.es\/fr\/wp-json\/wp\/v2\/users\/1"}],"replies":[{"embeddable":true,"href":"https:\/\/greenpatio.es\/fr\/wp-json\/wp\/v2\/comments?post=9555"}],"version-history":[{"count":1,"href":"https:\/\/greenpatio.es\/fr\/wp-json\/wp\/v2\/pages\/9555\/revisions"}],"predecessor-version":[{"id":147354,"href":"https:\/\/greenpatio.es\/fr\/wp-json\/wp\/v2\/pages\/9555\/revisions\/147354"}],"wp:attachment":[{"href":"https:\/\/greenpatio.es\/fr\/wp-json\/wp\/v2\/media?parent=9555"}],"curies":[{"name":"wp","href":"https:\/\/api.w.org\/{rel}","templated":true}]}}