{"id":9877,"date":"2023-10-27T09:14:47","date_gmt":"2023-10-27T09:14:47","guid":{"rendered":"https:\/\/bridge499.qodeinteractive.com\/?page_id=9877"},"modified":"2023-10-27T09:14:47","modified_gmt":"2023-10-27T09:14:47","slug":"our-services-2","status":"publish","type":"page","link":"https:\/\/greenpatio.es\/fr\/our-services-2\/","title":{"rendered":"\u041eur services"},"content":{"rendered":"<div data-elementor-type=\"wp-page\" data-elementor-id=\"9877\" class=\"elementor elementor-9877\" data-elementor-post-type=\"page\">\n\t\t\t\t<div class=\"elementor-element elementor-element-91878de e-con-full e-flex parallax_section_no qode_elementor_container_no e-con e-parent\" data-id=\"91878de\" data-element_type=\"container\" data-settings=\"{&quot;background_background&quot;:&quot;gradient&quot;}\">\n\t\t\t\t<div class=\"elementor-element elementor-element-2186711 elementor-widget elementor-widget-text-editor\" data-id=\"2186711\" data-element_type=\"widget\" data-widget_type=\"text-editor.default\">\n\t\t\t\t<div class=\"elementor-widget-container\">\n\t\t\t\t\t\t\t\t\t<h1>Services<\/h1>\t\t\t\t\t\t\t\t<\/div>\n\t\t\t\t<\/div>\n\t\t\t\t<\/div>\n\t\t<div class=\"elementor-element elementor-element-c07218b e-con-full e-flex parallax_section_no qode_elementor_container_no e-con e-parent\" data-id=\"c07218b\" data-element_type=\"container\" data-settings=\"{&quot;background_background&quot;:&quot;gradient&quot;}\">\n\t\t<div class=\"elementor-element elementor-element-2a1c5f8 e-con-full e-flex parallax_section_no qode_elementor_container_no e-con e-child\" data-id=\"2a1c5f8\" data-element_type=\"container\">\n\t\t\t\t<div class=\"elementor-element elementor-element-2418e19 elementor-widget__width-initial elementor-widget elementor-widget-qi_addons_for_elementor_section_title\" data-id=\"2418e19\" data-element_type=\"widget\" data-widget_type=\"qi_addons_for_elementor_section_title.default\">\n\t\t\t\t<div class=\"elementor-widget-container\">\n\t\t\t\t\t<div class=\"qodef-shortcode qodef-m  qodef-qi-section-title  qodef-decoration--italic  qodef-link--underline-draw qodef-subtitle-icon--left\">\n\t\t\t\t\t\t<h4 class=\"qodef-m-title\">\n\t\tArchitecture\t<\/h4>\n\t\t\t<div class=\"qodef-m-text\"><p>Le nombre d'heures de travail a \u00e9t\u00e9 r\u00e9duit de moiti\u00e9 par rapport \u00e0 l'ann\u00e9e pr\u00e9c\u00e9dente, et le nombre d'heures de travail a \u00e9t\u00e9 r\u00e9duit de moiti\u00e9 par rapport \u00e0 l'ann\u00e9e pr\u00e9c\u00e9dente, et le nombre d'heures de travail a \u00e9t\u00e9 r\u00e9duit de moiti\u00e9 par rapport \u00e0 l'ann\u00e9e pr\u00e9c\u00e9dente. Lorem sed risus ultricies tristique nulla aliquet enim tortor at. Il n'y a pas d'autre solution que de s'en remettre \u00e0 l'exp\u00e9rience des autres. Pulvinar elmentum integer enim neque volutpat ac tincidunt vitae semper est ultricies.<\/p><\/div>\n\t<\/div>\n\t\t\t\t<\/div>\n\t\t\t\t<\/div>\n\t\t\t\t<\/div>\n\t\t<div class=\"elementor-element elementor-element-714458f e-con-full e-flex parallax_section_no qode_elementor_container_no e-con e-child\" data-id=\"714458f\" data-element_type=\"container\">\n\t\t\t\t<div class=\"elementor-element elementor-element-03fadea elementor-widget__width-auto elementor-widget elementor-widget-bridge_image_gallery\" data-id=\"03fadea\" data-element_type=\"widget\" data-widget_type=\"bridge_image_gallery.default\">\n\t\t\t\t<div class=\"elementor-widget-container\">\n\t\t\t\t\t<div class=\"qode-image-gallery\"><div class=\"qode-image-gallery-inner\"><div class=\"qode-image-gallery-slides drag_enabled wpb_image_grid\" data-interval=\"\"data-control=\"false\"data-direction=\"false\"data-pause-on-hover=\"false\"data-drag=\"true\"><div class=\"gallery_holder\"><ul class=\"gallery_inner   v0\"><li class=\"no_grayscale\"><img decoding=\"async\" itemprop=\"image\" src=\"https:\/\/greenpatio.es\/wp-content\/uploads\/2022\/12\/services-img-1.png\" \/><\/li><\/ul><\/div><\/div><\/div><\/div>\t\t\t\t<\/div>\n\t\t\t\t<\/div>\n\t\t\t\t<\/div>\n\t\t\t\t<\/div>\n\t\t<div class=\"elementor-element elementor-element-90dd22b e-con-full e-flex parallax_section_no qode_elementor_container_no e-con e-parent\" data-id=\"90dd22b\" data-element_type=\"container\" data-settings=\"{&quot;background_background&quot;:&quot;gradient&quot;}\">\n\t\t<div class=\"elementor-element elementor-element-c4246c8 e-con-full e-flex parallax_section_no qode_elementor_container_no e-con e-child\" data-id=\"c4246c8\" data-element_type=\"container\">\n\t\t\t\t<div class=\"elementor-element elementor-element-d7ce770 elementor-widget__width-auto elementor-widget elementor-widget-bridge_image_gallery\" data-id=\"d7ce770\" data-element_type=\"widget\" data-widget_type=\"bridge_image_gallery.default\">\n\t\t\t\t<div class=\"elementor-widget-container\">\n\t\t\t\t\t<div class=\"qode-image-gallery\"><div class=\"qode-image-gallery-inner\"><div class=\"qode-image-gallery-slides drag_enabled wpb_image_grid\" data-interval=\"\"data-control=\"false\"data-direction=\"false\"data-pause-on-hover=\"false\"data-drag=\"true\"><div class=\"gallery_holder\"><ul class=\"gallery_inner   v0\"><li class=\"no_grayscale\"><img decoding=\"async\" itemprop=\"image\" src=\"https:\/\/greenpatio.es\/wp-content\/uploads\/2022\/12\/p2-img-02.jpg\" \/><\/li><\/ul><\/div><\/div><\/div><\/div>\t\t\t\t<\/div>\n\t\t\t\t<\/div>\n\t\t\t\t<div class=\"elementor-element elementor-element-e6c751e elementor-widget__width-auto elementor-widget elementor-widget-bridge_image_gallery\" data-id=\"e6c751e\" data-element_type=\"widget\" data-widget_type=\"bridge_image_gallery.default\">\n\t\t\t\t<div class=\"elementor-widget-container\">\n\t\t\t\t\t<div class=\"qode-image-gallery\"><div class=\"qode-image-gallery-inner\"><div class=\"qode-image-gallery-slides drag_enabled wpb_image_grid\" data-interval=\"\"data-control=\"false\"data-direction=\"false\"data-pause-on-hover=\"false\"data-drag=\"true\"><div class=\"gallery_holder\"><ul class=\"gallery_inner   v0\"><li class=\"no_grayscale\"><img decoding=\"async\" itemprop=\"image\" src=\"https:\/\/greenpatio.es\/wp-content\/uploads\/2022\/12\/services-img-2.png\" \/><\/li><\/ul><\/div><\/div><\/div><\/div>\t\t\t\t<\/div>\n\t\t\t\t<\/div>\n\t\t\t\t<\/div>\n\t\t<div class=\"elementor-element elementor-element-4c7b10f e-con-full e-flex parallax_section_no qode_elementor_container_no e-con e-child\" data-id=\"4c7b10f\" data-element_type=\"container\">\n\t\t\t\t<div class=\"elementor-element elementor-element-bfda8c2 elementor-widget__width-initial elementor-widget elementor-widget-qi_addons_for_elementor_section_title\" data-id=\"bfda8c2\" data-element_type=\"widget\" data-widget_type=\"qi_addons_for_elementor_section_title.default\">\n\t\t\t\t<div class=\"elementor-widget-container\">\n\t\t\t\t\t<div class=\"qodef-shortcode qodef-m  qodef-qi-section-title  qodef-decoration--italic  qodef-link--underline-draw qodef-subtitle-icon--left\">\n\t\t\t\t\t\t<h4 class=\"qodef-m-title\">\n\t\tInt\u00e9rieur\t<\/h4>\n\t\t\t<div class=\"qodef-m-text\"><p>Le nombre d'heures de travail a \u00e9t\u00e9 r\u00e9duit de moiti\u00e9 par rapport \u00e0 l'ann\u00e9e pr\u00e9c\u00e9dente, et le nombre d'heures de travail a \u00e9t\u00e9 r\u00e9duit de moiti\u00e9 par rapport \u00e0 l'ann\u00e9e pr\u00e9c\u00e9dente, et le nombre d'heures de travail a \u00e9t\u00e9 r\u00e9duit de moiti\u00e9 par rapport \u00e0 l'ann\u00e9e pr\u00e9c\u00e9dente. Lorem sed risus ultricies tristique nulla aliquet enim tortor at. Il n'y a pas d'autre solution que de s'en remettre \u00e0 l'exp\u00e9rience des autres. Pulvinar elmentum integer enim neque volutpat ac tincidunt vitae semper est ultricies integer nus.<\/p><\/div>\n\t<\/div>\n\t\t\t\t<\/div>\n\t\t\t\t<\/div>\n\t\t\t\t<div class=\"elementor-element elementor-element-ed1227c elementor-widget elementor-widget-text-editor\" data-id=\"ed1227c\" data-element_type=\"widget\" data-widget_type=\"text-editor.default\">\n\t\t\t\t<div class=\"elementor-widget-container\">\n\t\t\t\t\t\t\t\t\t<h4><a class=\"qode-underline-link\" href=\"https:\/\/greenpatio.es\/fr\/contact-us\/\">Concevoir une maison parfaite<\/a><\/h4>\t\t\t\t\t\t\t\t<\/div>\n\t\t\t\t<\/div>\n\t\t\t\t<div class=\"elementor-element elementor-element-e3d4d05 elementor-widget elementor-widget-text-editor\" data-id=\"e3d4d05\" data-element_type=\"widget\" data-widget_type=\"text-editor.default\">\n\t\t\t\t<div class=\"elementor-widget-container\">\n\t\t\t\t\t\t\t\t\t<div class=\"elementor-element elementor-element-841aadd qodef--underline elementor-widget elementor-widget-text-editor\" data-id=\"841aadd\" data-element_type=\"widget\" data-widget_type=\"text-editor.default\">\n<div class=\"elementor-widget-container\">\n<h4><a class=\"qode-underline-link\" href=\"https:\/\/greenpatio.es\/fr\/contact-us\/\">T\u00e9l\u00e9charger notre brochure<\/a><\/h4>\n<\/div>\n<\/div>\t\t\t\t\t\t\t\t<\/div>\n\t\t\t\t<\/div>\n\t\t\t\t<div class=\"elementor-element elementor-element-50e684b elementor-widget elementor-widget-text-editor\" data-id=\"50e684b\" data-element_type=\"widget\" data-widget_type=\"text-editor.default\">\n\t\t\t\t<div class=\"elementor-widget-container\">\n\t\t\t\t\t\t\t\t\t<div class=\"elementor-element elementor-element-841aadd qodef--underline elementor-widget elementor-widget-text-editor\" data-id=\"841aadd\" data-element_type=\"widget\" data-widget_type=\"text-editor.default\">\n<div class=\"elementor-widget-container\">\n<h4><a class=\"qode-underline-link\" href=\"https:\/\/greenpatio.es\/fr\/contact-us\/\">Posez-nous vos questions \u00e0 nos architectes<\/a><\/h4>\n<\/div>\n<\/div>\t\t\t\t\t\t\t\t<\/div>\n\t\t\t\t<\/div>\n\t\t\t\t<\/div>\n\t\t\t\t<\/div>\n\t\t<div class=\"elementor-element elementor-element-eda1ae0 e-con-full e-flex parallax_section_no qode_elementor_container_no e-con e-parent\" data-id=\"eda1ae0\" data-element_type=\"container\" data-settings=\"{&quot;background_background&quot;:&quot;gradient&quot;}\">\n\t\t\t\t<div class=\"elementor-element elementor-element-f2f1d84 elementor-widget elementor-widget-text-editor\" data-id=\"f2f1d84\" data-element_type=\"widget\" data-widget_type=\"text-editor.default\">\n\t\t\t\t<div class=\"elementor-widget-container\">\n\t\t\t\t\t\t\t\t\t<h2 class=\"qodef-m-title\" style=\"text-align: center;\">Faisons quelque chose de beau ensemble<\/h2>\t\t\t\t\t\t\t\t<\/div>\n\t\t\t\t<\/div>\n\t\t\t\t<div class=\"elementor-element elementor-element-bfbd394 elementor-widget elementor-widget-bridge_button_v2\" data-id=\"bfbd394\" data-element_type=\"widget\" data-widget_type=\"bridge_button_v2.default\">\n\t\t\t\t<div class=\"elementor-widget-container\">\n\t\t\t\t\t\n\n\t<a href=\"https:\/\/greenpatio.es\/fr\/contact-us\/\" target=\"_self\"  class=\"qode-btn qode-btn-medium qode-btn-simple\"  >\n\t    <span class=\"qode-btn-text\">nous contacter<\/span>\t<\/a>\n\n\t\t\t\t<\/div>\n\t\t\t\t<\/div>\n\t\t\t\t<\/div>\n\t\t\t\t<\/div>","protected":false},"excerpt":{"rendered":"<p>Services Architecture Arcu risus quis&#8230;<\/p>","protected":false},"author":1,"featured_media":0,"parent":0,"menu_order":0,"comment_status":"closed","ping_status":"closed","template":"full_width.php","meta":{"_monsterinsights_skip_tracking":false,"_monsterinsights_sitenote_active":false,"_monsterinsights_sitenote_note":"","_monsterinsights_sitenote_category":0,"footnotes":""},"class_list":["post-9877","page","type-page","status-publish","hentry"],"yoast_head":"<!-- This site is optimized with the Yoast SEO plugin v24.0 - https:\/\/yoast.com\/wordpress\/plugins\/seo\/ -->\n<title>\u041eur services - Green Patio<\/title>\n<meta name=\"robots\" content=\"index, follow, max-snippet:-1, max-image-preview:large, max-video-preview:-1\" \/>\n<link rel=\"canonical\" href=\"https:\/\/greenpatio.es\/fr\/our-services-2\/\" \/>\n<meta property=\"og:locale\" content=\"fr_FR\" \/>\n<meta property=\"og:type\" content=\"article\" \/>\n<meta property=\"og:title\" content=\"\u041eur services - Green Patio\" \/>\n<meta property=\"og:description\" content=\"Services Architecture Arcu risus quis...\" \/>\n<meta property=\"og:url\" content=\"https:\/\/greenpatio.es\/fr\/our-services-2\/\" \/>\n<meta property=\"og:site_name\" content=\"Green Patio\" \/>\n<meta property=\"og:image\" content=\"https:\/\/bridge499.qodeinteractive.com\/wp-content\/uploads\/2022\/12\/services-img-1.png\" \/>\n<meta name=\"twitter:card\" content=\"summary_large_image\" \/>\n<meta name=\"twitter:label1\" content=\"Dur\u00e9e de lecture estim\u00e9e\" \/>\n\t<meta name=\"twitter:data1\" content=\"1 minute\" \/>\n<script type=\"application\/ld+json\" class=\"yoast-schema-graph\">{\"@context\":\"https:\/\/schema.org\",\"@graph\":[{\"@type\":\"NewsArticle\",\"@id\":\"https:\/\/greenpatio.es\/our-services-2\/#article\",\"isPartOf\":{\"@id\":\"https:\/\/greenpatio.es\/our-services-2\/\"},\"author\":{\"name\":\"admin\",\"@id\":\"https:\/\/greenpatio.es\/#\/schema\/person\/85538d898e3b9d8195d05f58aa605b8d\"},\"headline\":\"\u041eur services\",\"datePublished\":\"2023-10-27T09:14:47+00:00\",\"dateModified\":\"2023-10-27T09:14:47+00:00\",\"mainEntityOfPage\":{\"@id\":\"https:\/\/greenpatio.es\/our-services-2\/\"},\"wordCount\":130,\"publisher\":{\"@id\":\"https:\/\/greenpatio.es\/#organization\"},\"image\":{\"@id\":\"https:\/\/greenpatio.es\/our-services-2\/#primaryimage\"},\"thumbnailUrl\":\"https:\/\/bridge499.qodeinteractive.com\/wp-content\/uploads\/2022\/12\/services-img-1.png\",\"inLanguage\":\"fr-FR\"},{\"@type\":\"WebPage\",\"@id\":\"https:\/\/greenpatio.es\/our-services-2\/\",\"url\":\"https:\/\/greenpatio.es\/our-services-2\/\",\"name\":\"\u041eur services - Green Patio\",\"isPartOf\":{\"@id\":\"https:\/\/greenpatio.es\/#website\"},\"primaryImageOfPage\":{\"@id\":\"https:\/\/greenpatio.es\/our-services-2\/#primaryimage\"},\"image\":{\"@id\":\"https:\/\/greenpatio.es\/our-services-2\/#primaryimage\"},\"thumbnailUrl\":\"https:\/\/bridge499.qodeinteractive.com\/wp-content\/uploads\/2022\/12\/services-img-1.png\",\"datePublished\":\"2023-10-27T09:14:47+00:00\",\"dateModified\":\"2023-10-27T09:14:47+00:00\",\"breadcrumb\":{\"@id\":\"https:\/\/greenpatio.es\/our-services-2\/#breadcrumb\"},\"inLanguage\":\"fr-FR\",\"potentialAction\":[{\"@type\":\"ReadAction\",\"target\":[\"https:\/\/greenpatio.es\/our-services-2\/\"]}]},{\"@type\":\"ImageObject\",\"inLanguage\":\"fr-FR\",\"@id\":\"https:\/\/greenpatio.es\/our-services-2\/#primaryimage\",\"url\":\"https:\/\/bridge499.qodeinteractive.com\/wp-content\/uploads\/2022\/12\/services-img-1.png\",\"contentUrl\":\"https:\/\/bridge499.qodeinteractive.com\/wp-content\/uploads\/2022\/12\/services-img-1.png\"},{\"@type\":\"BreadcrumbList\",\"@id\":\"https:\/\/greenpatio.es\/our-services-2\/#breadcrumb\",\"itemListElement\":[{\"@type\":\"ListItem\",\"position\":1,\"name\":\"Inicio\",\"item\":\"https:\/\/greenpatio.es\/\"},{\"@type\":\"ListItem\",\"position\":2,\"name\":\"\u041eur services\"}]},{\"@type\":\"WebSite\",\"@id\":\"https:\/\/greenpatio.es\/#website\",\"url\":\"https:\/\/greenpatio.es\/\",\"name\":\"Green Patio\",\"description\":\"Espacios para eventos en Madrid\",\"publisher\":{\"@id\":\"https:\/\/greenpatio.es\/#organization\"},\"alternateName\":\"Green Patio - Espacios para eventos en Madrid\",\"potentialAction\":[{\"@type\":\"SearchAction\",\"target\":{\"@type\":\"EntryPoint\",\"urlTemplate\":\"https:\/\/greenpatio.es\/?s={search_term_string}\"},\"query-input\":{\"@type\":\"PropertyValueSpecification\",\"valueRequired\":true,\"valueName\":\"search_term_string\"}}],\"inLanguage\":\"fr-FR\"},{\"@type\":\"Organization\",\"@id\":\"https:\/\/greenpatio.es\/#organization\",\"name\":\"Green Patio\",\"alternateName\":\"Green Patio Espacio para eventos en Madrid\",\"url\":\"https:\/\/greenpatio.es\/\",\"logo\":{\"@type\":\"ImageObject\",\"inLanguage\":\"fr-FR\",\"@id\":\"https:\/\/greenpatio.es\/#\/schema\/logo\/image\/\",\"url\":\"https:\/\/greenpatio.es\/wp-content\/uploads\/2024\/12\/logo-reducido-green-patio.png\",\"contentUrl\":\"https:\/\/greenpatio.es\/wp-content\/uploads\/2024\/12\/logo-reducido-green-patio.png\",\"width\":1465,\"height\":1465,\"caption\":\"Green Patio\"},\"image\":{\"@id\":\"https:\/\/greenpatio.es\/#\/schema\/logo\/image\/\"},\"sameAs\":[\"https:\/\/www.instagram.com\/greenpatioevents\/\"]},{\"@type\":\"Person\",\"@id\":\"https:\/\/greenpatio.es\/#\/schema\/person\/85538d898e3b9d8195d05f58aa605b8d\",\"name\":\"admin\",\"image\":{\"@type\":\"ImageObject\",\"inLanguage\":\"fr-FR\",\"@id\":\"https:\/\/greenpatio.es\/#\/schema\/person\/image\/\",\"url\":\"https:\/\/secure.gravatar.com\/avatar\/dc343822ff32eded78127b9bc70d7a8bc38956142c75c7731c634a64f56fcafe?s=96&d=mm&r=g\",\"contentUrl\":\"https:\/\/secure.gravatar.com\/avatar\/dc343822ff32eded78127b9bc70d7a8bc38956142c75c7731c634a64f56fcafe?s=96&d=mm&r=g\",\"caption\":\"admin\"},\"sameAs\":[\"https:\/\/greenpatio.es\"]}]}<\/script>\n<!-- \/ Yoast SEO plugin. -->","yoast_head_json":{"title":"\u041eur services - Green Patio","robots":{"index":"index","follow":"follow","max-snippet":"max-snippet:-1","max-image-preview":"max-image-preview:large","max-video-preview":"max-video-preview:-1"},"canonical":"https:\/\/greenpatio.es\/fr\/our-services-2\/","og_locale":"fr_FR","og_type":"article","og_title":"\u041eur services - Green Patio","og_description":"Services Architecture Arcu risus quis...","og_url":"https:\/\/greenpatio.es\/fr\/our-services-2\/","og_site_name":"Green Patio","og_image":[{"url":"https:\/\/bridge499.qodeinteractive.com\/wp-content\/uploads\/2022\/12\/services-img-1.png","type":"","width":"","height":""}],"twitter_card":"summary_large_image","twitter_misc":{"Dur\u00e9e de lecture estim\u00e9e":"1 minute"},"schema":{"@context":"https:\/\/schema.org","@graph":[{"@type":"NewsArticle","@id":"https:\/\/greenpatio.es\/our-services-2\/#article","isPartOf":{"@id":"https:\/\/greenpatio.es\/our-services-2\/"},"author":{"name":"admin","@id":"https:\/\/greenpatio.es\/#\/schema\/person\/85538d898e3b9d8195d05f58aa605b8d"},"headline":"\u041eur services","datePublished":"2023-10-27T09:14:47+00:00","dateModified":"2023-10-27T09:14:47+00:00","mainEntityOfPage":{"@id":"https:\/\/greenpatio.es\/our-services-2\/"},"wordCount":130,"publisher":{"@id":"https:\/\/greenpatio.es\/#organization"},"image":{"@id":"https:\/\/greenpatio.es\/our-services-2\/#primaryimage"},"thumbnailUrl":"https:\/\/bridge499.qodeinteractive.com\/wp-content\/uploads\/2022\/12\/services-img-1.png","inLanguage":"fr-FR"},{"@type":"WebPage","@id":"https:\/\/greenpatio.es\/our-services-2\/","url":"https:\/\/greenpatio.es\/our-services-2\/","name":"\u041eur services - Green Patio","isPartOf":{"@id":"https:\/\/greenpatio.es\/#website"},"primaryImageOfPage":{"@id":"https:\/\/greenpatio.es\/our-services-2\/#primaryimage"},"image":{"@id":"https:\/\/greenpatio.es\/our-services-2\/#primaryimage"},"thumbnailUrl":"https:\/\/bridge499.qodeinteractive.com\/wp-content\/uploads\/2022\/12\/services-img-1.png","datePublished":"2023-10-27T09:14:47+00:00","dateModified":"2023-10-27T09:14:47+00:00","breadcrumb":{"@id":"https:\/\/greenpatio.es\/our-services-2\/#breadcrumb"},"inLanguage":"fr-FR","potentialAction":[{"@type":"ReadAction","target":["https:\/\/greenpatio.es\/our-services-2\/"]}]},{"@type":"ImageObject","inLanguage":"fr-FR","@id":"https:\/\/greenpatio.es\/our-services-2\/#primaryimage","url":"https:\/\/bridge499.qodeinteractive.com\/wp-content\/uploads\/2022\/12\/services-img-1.png","contentUrl":"https:\/\/bridge499.qodeinteractive.com\/wp-content\/uploads\/2022\/12\/services-img-1.png"},{"@type":"BreadcrumbList","@id":"https:\/\/greenpatio.es\/our-services-2\/#breadcrumb","itemListElement":[{"@type":"ListItem","position":1,"name":"Inicio","item":"https:\/\/greenpatio.es\/"},{"@type":"ListItem","position":2,"name":"\u041eur services"}]},{"@type":"WebSite","@id":"https:\/\/greenpatio.es\/#website","url":"https:\/\/greenpatio.es\/","name":"Green Patio","description":"Espacios para eventos en Madrid","publisher":{"@id":"https:\/\/greenpatio.es\/#organization"},"alternateName":"Green Patio - Espacios para eventos en Madrid","potentialAction":[{"@type":"SearchAction","target":{"@type":"EntryPoint","urlTemplate":"https:\/\/greenpatio.es\/?s={search_term_string}"},"query-input":{"@type":"PropertyValueSpecification","valueRequired":true,"valueName":"search_term_string"}}],"inLanguage":"fr-FR"},{"@type":"Organization","@id":"https:\/\/greenpatio.es\/#organization","name":"Green Patio","alternateName":"Green Patio Espacio para eventos en Madrid","url":"https:\/\/greenpatio.es\/","logo":{"@type":"ImageObject","inLanguage":"fr-FR","@id":"https:\/\/greenpatio.es\/#\/schema\/logo\/image\/","url":"https:\/\/greenpatio.es\/wp-content\/uploads\/2024\/12\/logo-reducido-green-patio.png","contentUrl":"https:\/\/greenpatio.es\/wp-content\/uploads\/2024\/12\/logo-reducido-green-patio.png","width":1465,"height":1465,"caption":"Green Patio"},"image":{"@id":"https:\/\/greenpatio.es\/#\/schema\/logo\/image\/"},"sameAs":["https:\/\/www.instagram.com\/greenpatioevents\/"]},{"@type":"Person","@id":"https:\/\/greenpatio.es\/#\/schema\/person\/85538d898e3b9d8195d05f58aa605b8d","name":"admin","image":{"@type":"ImageObject","inLanguage":"fr-FR","@id":"https:\/\/greenpatio.es\/#\/schema\/person\/image\/","url":"https:\/\/secure.gravatar.com\/avatar\/dc343822ff32eded78127b9bc70d7a8bc38956142c75c7731c634a64f56fcafe?s=96&d=mm&r=g","contentUrl":"https:\/\/secure.gravatar.com\/avatar\/dc343822ff32eded78127b9bc70d7a8bc38956142c75c7731c634a64f56fcafe?s=96&d=mm&r=g","caption":"admin"},"sameAs":["https:\/\/greenpatio.es"]}]}},"_links":{"self":[{"href":"https:\/\/greenpatio.es\/fr\/wp-json\/wp\/v2\/pages\/9877","targetHints":{"allow":["GET"]}}],"collection":[{"href":"https:\/\/greenpatio.es\/fr\/wp-json\/wp\/v2\/pages"}],"about":[{"href":"https:\/\/greenpatio.es\/fr\/wp-json\/wp\/v2\/types\/page"}],"author":[{"embeddable":true,"href":"https:\/\/greenpatio.es\/fr\/wp-json\/wp\/v2\/users\/1"}],"replies":[{"embeddable":true,"href":"https:\/\/greenpatio.es\/fr\/wp-json\/wp\/v2\/comments?post=9877"}],"version-history":[{"count":1,"href":"https:\/\/greenpatio.es\/fr\/wp-json\/wp\/v2\/pages\/9877\/revisions"}],"predecessor-version":[{"id":147736,"href":"https:\/\/greenpatio.es\/fr\/wp-json\/wp\/v2\/pages\/9877\/revisions\/147736"}],"wp:attachment":[{"href":"https:\/\/greenpatio.es\/fr\/wp-json\/wp\/v2\/media?parent=9877"}],"curies":[{"name":"wp","href":"https:\/\/api.w.org\/{rel}","templated":true}]}}